{"id":96,"date":"2014-08-24T17:14:26","date_gmt":"2014-08-24T17:14:26","guid":{"rendered":"http:\/\/192.168.1.104\/enfold-blog\/?page_id=2"},"modified":"2018-06-28T11:18:33","modified_gmt":"2018-06-28T09:18:33","slug":"about","status":"publish","type":"page","link":"https:\/\/steuerkanzlei-leipzig.com\/inhalt\/about\/","title":{"rendered":"\u00dcber uns &#8211; Kanzlei"},"content":{"rendered":"\n<style type=\"text\/css\" data-created_by=\"avia_inline_auto\" id=\"style-css-av-19zh4-f174d8e2a72404ca123881d964d6c941\">\n.avia-section.av-19zh4-f174d8e2a72404ca123881d964d6c941 .av-parallax .av-parallax-inner{\nbackground-repeat:no-repeat;\nbackground-image:url(https:\/\/steuerkanzlei-leipzig.com\/inhalt\/wp-content\/uploads\/2015\/10\/IMG_1496-1030x687.jpg);\nbackground-position:50% 100%;\nbackground-attachment:scroll;\n}\n.avia-section.av-19zh4-f174d8e2a72404ca123881d964d6c941 .av-section-color-overlay{\nopacity:0.3;\nbackground-color:#000000;\n}\n<\/style>\n<div id='av_section_1'  class='avia-section av-19zh4-f174d8e2a72404ca123881d964d6c941 main_color avia-section-large avia-no-shadow  avia-builder-el-0  el_before_av_section  avia-builder-el-first  avia-full-stretch av-parallax-section avia-bg-style-parallax av-section-color-overlay-active container_wrap sidebar_right'  data-section-bg-repeat='stretch'><div class='av-parallax' data-avia-parallax-ratio='0.3' ><div class='av-parallax-inner main_color avia-full-stretch'><\/div><\/div><div class=\"av-section-color-overlay-wrap\"><div class=\"av-section-color-overlay\"><\/div><div class='container av-section-cont-open' ><main  role=\"main\" itemprop=\"mainContentOfPage\"  class='template-page content  av-content-small alpha units'><div class='post-entry post-entry-type-page post-entry-96'><div class='entry-content-wrapper clearfix'>\n\n<style type=\"text\/css\" data-created_by=\"avia_inline_auto\" id=\"style-css-av-jiyc6kxu-d7b876bab61b362896572d9301995f38\">\n#top .av-special-heading.av-jiyc6kxu-d7b876bab61b362896572d9301995f38{\npadding-bottom:0;\ncolor:#ffffff;\nfont-size:50px;\n}\nbody .av-special-heading.av-jiyc6kxu-d7b876bab61b362896572d9301995f38 .av-special-heading-tag .heading-char{\nfont-size:25px;\n}\n#top #wrap_all .av-special-heading.av-jiyc6kxu-d7b876bab61b362896572d9301995f38 .av-special-heading-tag{\nfont-size:50px;\n}\n.av-special-heading.av-jiyc6kxu-d7b876bab61b362896572d9301995f38 .special-heading-inner-border{\nborder-color:#ffffff;\n}\n.av-special-heading.av-jiyc6kxu-d7b876bab61b362896572d9301995f38 .av-subheading{\nfont-size:15px;\n}\n\n@media only screen and (min-width: 480px) and (max-width: 767px){ \n#top #wrap_all .av-special-heading.av-jiyc6kxu-d7b876bab61b362896572d9301995f38 .av-special-heading-tag{\nfont-size:0.8em;\n}\n}\n\n@media only screen and (max-width: 479px){ \n#top #wrap_all .av-special-heading.av-jiyc6kxu-d7b876bab61b362896572d9301995f38 .av-special-heading-tag{\nfont-size:0.8em;\n}\n}\n<\/style>\n<div  class='av-special-heading av-jiyc6kxu-d7b876bab61b362896572d9301995f38 av-special-heading-h1 custom-color-heading blockquote modern-quote modern-centered  avia-builder-el-1  el_before_av_hr  avia-builder-el-first  av-inherit-size'><h1 class='av-special-heading-tag '  itemprop=\"headline\"  >\u00dcber uns<\/h1><div class='av_custom_color av-subheading av-subheading_below'><p>Die Kenntnis der Steuergesetze befreit nicht von der Pflicht zum Steuer zahlen. Die Kenntnis aber h\u00e4ufig.<br \/>\nMeyer A. Rothschild, Bankier (1744-1812)<\/p>\n<\/div><div class=\"special-heading-border\"><div class=\"special-heading-inner-border\"><\/div><\/div><\/div>\n\n<style type=\"text\/css\" data-created_by=\"avia_inline_auto\" id=\"style-css-av-buhus-01574c1ea60d2f5b40afa5facaa9775f\">\n#top .hr.av-buhus-01574c1ea60d2f5b40afa5facaa9775f{\nmargin-top:30px;\nmargin-bottom:30px;\n}\n.hr.av-buhus-01574c1ea60d2f5b40afa5facaa9775f .hr-inner{\nwidth:20%;\nborder-color:rgba(255,255,255,0.76);\nmax-width:45%;\n}\n.hr.av-buhus-01574c1ea60d2f5b40afa5facaa9775f .av-seperator-icon{\ncolor:#ffffff;\n}\n.hr.av-buhus-01574c1ea60d2f5b40afa5facaa9775f .av-seperator-icon.avia-svg-icon svg:first-child{\nfill:#ffffff;\nstroke:#ffffff;\n}\n<\/style>\n<div  class='hr av-buhus-01574c1ea60d2f5b40afa5facaa9775f hr-custom  avia-builder-el-2  el_after_av_heading  avia-builder-el-last  hr-center hr-icon-yes'><span class='hr-inner inner-border-av-border-thin'><span class=\"hr-inner-style\"><\/span><\/span><span class='av-seperator-icon avia-iconfont avia-font-entypo-fontello' data-av_icon='\ue8bf' data-av_iconfont='entypo-fontello' ><\/span><span class='hr-inner inner-border-av-border-thin'><span class=\"hr-inner-style\"><\/span><\/span><\/div>\n<\/div><\/div><\/main><!-- close content main element --><\/div><\/div><\/div><div id='av_section_2'  class='avia-section av-b2l84-22a04f1ab3a189ed027f8f1d6a085958 main_color avia-section-small avia-no-border-styling  avia-builder-el-3  el_after_av_section  avia-builder-el-last  avia-bg-style-fixed container_wrap sidebar_right'  ><div class='container av-section-cont-open' ><div class='template-page content  av-content-small alpha units'><div class='post-entry post-entry-type-page post-entry-96'><div class='entry-content-wrapper clearfix'>\n<div class='flex_column_table av-a96l0-8aed9b9e40b381d1d71d59c4cfe79b14 sc-av_two_third av-equal-height-column-flextable'>\n<style type=\"text\/css\" data-created_by=\"avia_inline_auto\" id=\"style-css-av-a96l0-8aed9b9e40b381d1d71d59c4cfe79b14\">\n#top .flex_column_table.av-equal-height-column-flextable.av-a96l0-8aed9b9e40b381d1d71d59c4cfe79b14{\nmargin-top:-60px;\nmargin-bottom:0px;\n}\n.flex_column.av-a96l0-8aed9b9e40b381d1d71d59c4cfe79b14{\nborder-radius:0px 0px 0px 0px;\npadding:30px 30px 30px 30px;\nbackground-color:#ffffff;\n}\n<\/style>\n<div  class='flex_column av-a96l0-8aed9b9e40b381d1d71d59c4cfe79b14 av_two_third  avia-builder-el-4  el_before_av_one_third  avia-builder-el-first  first no_margin flex_column_table_cell av-equal-height-column av-align-top  '     ><p>\n<style type=\"text\/css\" data-created_by=\"avia_inline_auto\" id=\"style-css-av-a408o-f79fa1d5dd165c6887f4bcd34ef3074b\">\n#top .av-special-heading.av-a408o-f79fa1d5dd165c6887f4bcd34ef3074b{\npadding-bottom:0;\nfont-size:30px;\n}\nbody .av-special-heading.av-a408o-f79fa1d5dd165c6887f4bcd34ef3074b .av-special-heading-tag .heading-char{\nfont-size:25px;\n}\n#top #wrap_all .av-special-heading.av-a408o-f79fa1d5dd165c6887f4bcd34ef3074b .av-special-heading-tag{\nfont-size:30px;\n}\n.av-special-heading.av-a408o-f79fa1d5dd165c6887f4bcd34ef3074b .av-subheading{\nfont-size:15px;\n}\n\n@media only screen and (min-width: 480px) and (max-width: 767px){ \n#top #wrap_all .av-special-heading.av-a408o-f79fa1d5dd165c6887f4bcd34ef3074b .av-special-heading-tag{\nfont-size:0.8em;\n}\n}\n\n@media only screen and (max-width: 479px){ \n#top #wrap_all .av-special-heading.av-a408o-f79fa1d5dd165c6887f4bcd34ef3074b .av-special-heading-tag{\nfont-size:0.8em;\n}\n}\n<\/style>\n<div  class='av-special-heading av-a408o-f79fa1d5dd165c6887f4bcd34ef3074b av-special-heading-h3 blockquote modern-quote  avia-builder-el-5  el_before_av_textblock  avia-builder-el-first  av-inherit-size'><h3 class='av-special-heading-tag '  itemprop=\"headline\"  >\u00dcber uns \/ Ihre Pflichten in guten H\u00e4nden<\/h3><div class=\"special-heading-border\"><div class=\"special-heading-inner-border\"><\/div><\/div><\/div><br \/>\n<section  class='av_textblock_section av-9bo3o-d7d1ed545bade48889bd17824cc182af '   itemscope=\"itemscope\" itemtype=\"https:\/\/schema.org\/CreativeWork\" ><div class='avia_textblock'  itemprop=\"text\" ><p>Das Gesetz verpflichtet Sie zur Erledigung von Buchhaltung und der Abgabe von Steuererkl\u00e4rungen. Selbstverst\u00e4ndlich unterst\u00fctzen wir Unternehmen wie Privatpersonen bei der Erf\u00fcllung Ihrer rechtlichen Pflichten. Im Rahmen unserer steuerlichen und betriebswirtschaftlichen Betreuung Erstellen wir f\u00fcr Kapitalgesellschaften, Personengesellschaften und Einzelunternehmen Steuer- und Handelsbilanzen; f\u00fcr Freiberufler und Kleinunternehmer fertigen wir Einnahmen-\u00dcberschussrechnungen an und Privatpersonen unterst\u00fctzen wir in allen Fragen rund um Ihre Einkommensteuererkl\u00e4rung. Profitieren Sie von unser langj\u00e4hrigen Erfahrung bei der Erstellung von\u00a0 Einkommensteuererkl\u00e4rungen.<\/p>\n<p>Wir besprechen die betriebswirtschaftliche Auswertung des Zahlenmaterials detailliert mit unseren Mandanten, so dass Sie stets einen genauen \u00dcberblick \u00fcber Ihre wirtschaftliche Situation haben. Im Rahmen unseres Herbstgespr\u00e4ches analysieren wir zusammen mit unseren Mandanten das laufende Gesch\u00e4ftsjahr und legen gemeinsam die erfolgreiche Strategie\u00a0 des Folgejahres fest.<\/p>\n<\/div><\/section><br \/>\n<div  class='avia-icon-list-container av-8f8qo-85dadedd83959b4fe1c707cfd5025387  avia-builder-el-7  el_after_av_textblock  el_before_av_textblock '><ul class='avia-icon-list avia_animate_when_almost_visible avia-icon-list-left av-iconlist-big av-8f8qo-85dadedd83959b4fe1c707cfd5025387 avia-iconlist-animate'>\n<li><div class='iconlist_icon av-80sak-0f8b3cde802702ca56b355428a3cc12a avia-font-entypo-fontello avia-iconfont avia-font-entypo-fontello'><span class='av-icon-char' data-av_icon='\ue894' data-av_iconfont='entypo-fontello' aria-hidden=\"true\"><\/span><\/div><article class=\"article-icon-entry \"  itemscope=\"itemscope\" itemtype=\"https:\/\/schema.org\/CreativeWork\" ><div class=\"iconlist_content_wrap\"><header class=\"entry-content-header\" aria-label=\"Icon: Wir betreuen \"><h4 class='av_iconlist_title iconlist_title  '  itemprop=\"headline\" >Wir betreuen <\/h4><\/header><div class='iconlist_content '  itemprop=\"text\" ><p>Mandate bundesweit.<\/p>\n<\/div><\/div><footer class=\"entry-footer\"><\/footer><\/article><div class=\"iconlist-timeline\"><\/div><\/li>\n<li><div class='iconlist_icon av-7heoo-a13b8b2b47a8e558aa825962c29493bb avia-font-entypo-fontello avia-iconfont avia-font-entypo-fontello'><span class='av-icon-char' data-av_icon='\ue892' data-av_iconfont='entypo-fontello' aria-hidden=\"true\"><\/span><\/div><article class=\"article-icon-entry \"  itemscope=\"itemscope\" itemtype=\"https:\/\/schema.org\/CreativeWork\" ><div class=\"iconlist_content_wrap\"><header class=\"entry-content-header\" aria-label=\"Icon:  Wir behalten \"><h4 class='av_iconlist_title iconlist_title  '  itemprop=\"headline\" > Wir behalten <\/h4><\/header><div class='iconlist_content '  itemprop=\"text\" ><p>Ihre Pflicht in Griff!<\/p>\n<\/div><\/div><footer class=\"entry-footer\"><\/footer><\/article><div class=\"iconlist-timeline\"><\/div><\/li>\n<li><div class='iconlist_icon av-74ym4-5bdfea9e4f804a3ef5ac339038ea90fd avia-font-entypo-fontello avia-iconfont avia-font-entypo-fontello'><span class='av-icon-char' data-av_icon='\ue896' data-av_iconfont='entypo-fontello' aria-hidden=\"true\"><\/span><\/div><article class=\"article-icon-entry \"  itemscope=\"itemscope\" itemtype=\"https:\/\/schema.org\/CreativeWork\" ><div class=\"iconlist_content_wrap\"><header class=\"entry-content-header\" aria-label=\"Icon:  Abhol -und Bringservice\"><h4 class='av_iconlist_title iconlist_title  '  itemprop=\"headline\" > Abhol -und Bringservice<\/h4><\/header><div class='iconlist_content '  itemprop=\"text\" ><p>Gern k\u00f6nnen Sie unseren Abhol- und Bringservice sowie Beratung vor Ort in Anspruch nehmen.<\/p>\n<\/div><\/div><footer class=\"entry-footer\"><\/footer><\/article><div class=\"iconlist-timeline\"><\/div><\/li>\n<\/ul><\/div><br \/>\n<section  class='av_textblock_section av-6743g-521d8b36d7ed6a3924d6744fa6a5d91b '   itemscope=\"itemscope\" itemtype=\"https:\/\/schema.org\/CreativeWork\" ><div class='avia_textblock'  itemprop=\"text\" ><p><strong>Ein leistungsf\u00e4higes, eingespieltes &amp; zielorientiertes\u00a0Team sorgt f\u00fcr Ihren Erfolg<\/strong><\/p>\n<p>Wir sehen uns nicht nur als Ihre Schnittstelle zum Finanzamt, sondern orientieren uns seit jeher grunds\u00e4tzlich an den Bed\u00fcrfnissen unserer Mandanten.Hierzu z\u00e4hlt auch flexibel auf die Wandlungen in der Gesch\u00e4ftswelt zu reagieren und uns individuell auf die neue Situation einstellen zu k\u00f6nnen.<\/p>\n<p>Bei uns stehen Sie im Mittelpunkt. Schenken Sie uns Ihr Vertrauen und lernen Sie uns und unsere Leistungen\u00a0kennen.<\/p>\n<\/div><\/section><br \/>\n<div  class='avia-icon-list-container av-5m180-b96a335d97f3cd9d96b2b9180af9e4e7  avia-builder-el-9  el_after_av_textblock  avia-builder-el-last '><ul class='avia-icon-list avia_animate_when_almost_visible avia-icon-list-left av-iconlist-big av-5m180-b96a335d97f3cd9d96b2b9180af9e4e7 avia-iconlist-animate'>\n<li><div class='iconlist_icon av-ivjs-1e86d2d1a0f800fe565b6f84c08a0b74 avia-font-entypo-fontello avia-iconfont avia-font-entypo-fontello'><span class='av-icon-char' data-av_icon='\ue839' data-av_iconfont='entypo-fontello' aria-hidden=\"true\"><\/span><\/div><article class=\"article-icon-entry \"  itemscope=\"itemscope\" itemtype=\"https:\/\/schema.org\/CreativeWork\" ><div class=\"iconlist_content_wrap\"><header class=\"entry-content-header\" aria-label=\"Icon: Ihr Erfolg \"><h4 class='av_iconlist_title iconlist_title  '  itemprop=\"headline\" >Ihr Erfolg <\/h4><\/header><div class='iconlist_content '  itemprop=\"text\" ><p>ist unsere Motivation!<\/p>\n<\/div><\/div><footer class=\"entry-footer\"><\/footer><\/article><div class=\"iconlist-timeline\"><\/div><\/li>\n<\/ul><\/div><\/p><\/div>\n<style type=\"text\/css\" data-created_by=\"avia_inline_auto\" id=\"style-css-av-4p19c-713b94dfa7d260b3cc32a5cb5c63e7a9\">\n#top .flex_column_table.av-equal-height-column-flextable.av-4p19c-713b94dfa7d260b3cc32a5cb5c63e7a9{\nmargin-top:-60px;\nmargin-bottom:0px;\n}\n.flex_column.av-4p19c-713b94dfa7d260b3cc32a5cb5c63e7a9{\nborder-radius:0px 0px 0px 0px;\npadding:30px 30px 30px 30px;\nbackground-color:#f0f0f0;\n}\n<\/style>\n<div  class='flex_column av-4p19c-713b94dfa7d260b3cc32a5cb5c63e7a9 av_one_third  avia-builder-el-10  el_after_av_two_third  avia-builder-el-last  no_margin flex_column_table_cell av-equal-height-column av-align-top  '     ><p>\n<style type=\"text\/css\" data-created_by=\"avia_inline_auto\" id=\"style-css-av-3s45g-700a61fa157376dc63668fbf42e16013\">\n#top .av-special-heading.av-3s45g-700a61fa157376dc63668fbf42e16013{\npadding-bottom:0;\nfont-size:30px;\n}\nbody .av-special-heading.av-3s45g-700a61fa157376dc63668fbf42e16013 .av-special-heading-tag .heading-char{\nfont-size:25px;\n}\n#top #wrap_all .av-special-heading.av-3s45g-700a61fa157376dc63668fbf42e16013 .av-special-heading-tag{\nfont-size:30px;\n}\n.av-special-heading.av-3s45g-700a61fa157376dc63668fbf42e16013 .av-subheading{\nfont-size:15px;\n}\n\n@media only screen and (min-width: 480px) and (max-width: 767px){ \n#top #wrap_all .av-special-heading.av-3s45g-700a61fa157376dc63668fbf42e16013 .av-special-heading-tag{\nfont-size:0.8em;\n}\n}\n\n@media only screen and (max-width: 479px){ \n#top #wrap_all .av-special-heading.av-3s45g-700a61fa157376dc63668fbf42e16013 .av-special-heading-tag{\nfont-size:0.8em;\n}\n}\n<\/style>\n<div  class='av-special-heading av-3s45g-700a61fa157376dc63668fbf42e16013 av-special-heading-h3 blockquote modern-quote  avia-builder-el-11  el_before_av_textblock  avia-builder-el-first  av-inherit-size'><h3 class='av-special-heading-tag '  itemprop=\"headline\"  > Ihr Erfolg<\/h3><div class=\"special-heading-border\"><div class=\"special-heading-inner-border\"><\/div><\/div><\/div><br \/>\n<section  class='av_textblock_section av-btow-c169654b40a0b5c1c3eb2ce7fe0a37a7 '   itemscope=\"itemscope\" itemtype=\"https:\/\/schema.org\/CreativeWork\" ><div class='avia_textblock'  itemprop=\"text\" ><p>&#8230;\u00a0ist die Grundlage meiner Kanzlei. Bei uns steht der Mandant nicht nur im Mittelpunkt, sondern ist an allen Stellen unserer T\u00e4tigkeit pr\u00e4sent. Bei allem was wir tun bedenken wir die individuelle Situation des Mandanten; sein wirtschaftlicher Erfolg ist unser oberstes Ziel. F\u00fcr uns ist jedes Anliegen gleich wichtig, egal ob wir Privatpersonen oder Unternehmen beraten. Wir sind der Auffassung, dass jeder eine optimale Beratung f\u00fcr das Ausf\u00fchren seiner gesetzlichen Verpflichtung und Wahrnehmung seiner Rechte in Anspruch nehmen kann.<\/p>\n<\/div><\/section><br \/>\n\n<style type=\"text\/css\" data-created_by=\"avia_inline_auto\" id=\"style-css-av-2ppa4-6a3422e52654b745e6dd6551abe979ca\">\n#top .hr.hr-invisible.av-2ppa4-6a3422e52654b745e6dd6551abe979ca{\nheight:20px;\n}\n<\/style>\n<div  class='hr av-2ppa4-6a3422e52654b745e6dd6551abe979ca hr-invisible  avia-builder-el-13  el_after_av_textblock  el_before_av_image '><span class='hr-inner '><span class=\"hr-inner-style\"><\/span><\/span><\/div><br \/>\n\n<style type=\"text\/css\" data-created_by=\"avia_inline_auto\" id=\"style-css-av-1xgm4-86e2d93241677374287be5abd78cc530\">\n.avia-image-container.av-1xgm4-86e2d93241677374287be5abd78cc530 img.avia_image{\nbox-shadow:none;\n}\n.avia-image-container.av-1xgm4-86e2d93241677374287be5abd78cc530 .av-image-caption-overlay-center{\ncolor:#ffffff;\n}\n<\/style>\n<div  class='avia-image-container av-1xgm4-86e2d93241677374287be5abd78cc530 av-styling- av-hover-grow avia-align-center  avia-builder-el-14  el_after_av_hr  el_before_av_hr '   itemprop=\"image\" itemscope=\"itemscope\" itemtype=\"https:\/\/schema.org\/ImageObject\" ><div class=\"avia-image-container-inner\"><div class=\"avia-image-overlay-wrap\"><img decoding=\"async\" fetchpriority=\"high\" class='wp-image-893 avia-img-lazy-loading-not-893 avia_image ' src=\"https:\/\/steuerkanzlei-leipzig.com\/inhalt\/wp-content\/uploads\/2015\/10\/IMG_1496-495x400.jpg\" alt='' title='IMG_1496'  height=\"400\" width=\"495\"  itemprop=\"thumbnailUrl\" srcset=\"https:\/\/steuerkanzlei-leipzig.com\/inhalt\/wp-content\/uploads\/2015\/10\/IMG_1496-495x400.jpg 495w, https:\/\/steuerkanzlei-leipzig.com\/inhalt\/wp-content\/uploads\/2015\/10\/IMG_1496-845x684.jpg 845w\" sizes=\"(max-width: 495px) 100vw, 495px\" \/><\/div><\/div><\/div><br \/>\n\n<style type=\"text\/css\" data-created_by=\"avia_inline_auto\" id=\"style-css-av-54y8-eb50026fc763ff5e7d9b133b2a17e08f\">\n#top .hr.hr-invisible.av-54y8-eb50026fc763ff5e7d9b133b2a17e08f{\nheight:20px;\n}\n<\/style>\n<div  class='hr av-54y8-eb50026fc763ff5e7d9b133b2a17e08f hr-invisible  avia-builder-el-15  el_after_av_image  el_before_av_textblock '><span class='hr-inner '><span class=\"hr-inner-style\"><\/span><\/span><\/div><br \/>\n<section  class='av_textblock_section av-u4hk-b967c3966de2b23cfcc6c799fd42f51d '   itemscope=\"itemscope\" itemtype=\"https:\/\/schema.org\/CreativeWork\" ><div class='avia_textblock'  itemprop=\"text\" ><p>Wir haben\u00a0bewusst auf eine Spezialisierung auf bestimmte Branchen und Einkommensgr\u00f6\u00dfen verzichtet. Wir beraten Unternehmen verschiedener Gr\u00f6\u00dfenordnungen und Rechtsformen, Freiberufler, Existenzgr\u00fcnder, Angeh\u00f6rige der Gesundheitsberufe und Privatpersonen aktiv und vollumf\u00e4nglich. So k\u00f6nnen wir eine branchen\u00fcbergreifende L\u00f6sung und eine allumfassende Beratung bieten.<\/p>\n<\/div><\/section><\/p><\/div><\/div><!--close column table wrapper. Autoclose: 1 -->\n<\/div><\/div><\/div><!-- close content main div --><\/div><\/div><div id='after_section_2'  class='main_color av_default_container_wrap container_wrap sidebar_right'  ><div class='container av-section-cont-open' ><div class='template-page content  av-content-small alpha units'><div class='post-entry post-entry-type-page post-entry-96'><div class='entry-content-wrapper clearfix'><\/p>\n","protected":false},"excerpt":{"rendered":"","protected":false},"author":1,"featured_media":0,"parent":0,"menu_order":0,"comment_status":"open","ping_status":"open","template":"","meta":{"footnotes":""},"class_list":["post-96","page","type-page","status-publish","hentry"],"yoast_head":"<!-- This site is optimized with the Yoast SEO plugin v26.7 - https:\/\/yoast.com\/wordpress\/plugins\/seo\/ -->\n<title>\u00dcber uns - Kanzlei - Steuerberatung Mandy Else<\/title>\n<meta name=\"robots\" content=\"index, follow, max-snippet:-1, max-image-preview:large, max-video-preview:-1\" \/>\n<link rel=\"canonical\" href=\"https:\/\/steuerkanzlei-leipzig.com\/inhalt\/about\/\" \/>\n<meta property=\"og:locale\" content=\"de_DE\" \/>\n<meta property=\"og:type\" content=\"article\" \/>\n<meta property=\"og:title\" content=\"\u00dcber uns - Kanzlei - Steuerberatung Mandy Else\" \/>\n<meta property=\"og:url\" content=\"https:\/\/steuerkanzlei-leipzig.com\/inhalt\/about\/\" \/>\n<meta property=\"og:site_name\" content=\"Steuerberatung Mandy Else\" \/>\n<meta property=\"article:modified_time\" content=\"2018-06-28T09:18:33+00:00\" \/>\n<meta name=\"twitter:card\" content=\"summary_large_image\" \/>\n<meta name=\"twitter:label1\" content=\"Gesch\u00e4tzte Lesezeit\" \/>\n\t<meta name=\"twitter:data1\" content=\"6\u00a0Minuten\" \/>\n<script type=\"application\/ld+json\" class=\"yoast-schema-graph\">{\"@context\":\"https:\/\/schema.org\",\"@graph\":[{\"@type\":\"WebPage\",\"@id\":\"https:\/\/steuerkanzlei-leipzig.com\/inhalt\/about\/\",\"url\":\"https:\/\/steuerkanzlei-leipzig.com\/inhalt\/about\/\",\"name\":\"\u00dcber uns - Kanzlei - Steuerberatung Mandy Else\",\"isPartOf\":{\"@id\":\"https:\/\/steuerkanzlei-leipzig.com\/inhalt\/#website\"},\"datePublished\":\"2014-08-24T17:14:26+00:00\",\"dateModified\":\"2018-06-28T09:18:33+00:00\",\"breadcrumb\":{\"@id\":\"https:\/\/steuerkanzlei-leipzig.com\/inhalt\/about\/#breadcrumb\"},\"inLanguage\":\"de\",\"potentialAction\":[{\"@type\":\"ReadAction\",\"target\":[\"https:\/\/steuerkanzlei-leipzig.com\/inhalt\/about\/\"]}]},{\"@type\":\"BreadcrumbList\",\"@id\":\"https:\/\/steuerkanzlei-leipzig.com\/inhalt\/about\/#breadcrumb\",\"itemListElement\":[{\"@type\":\"ListItem\",\"position\":1,\"name\":\"Startseite\",\"item\":\"https:\/\/steuerkanzlei-leipzig.com\/inhalt\/\"},{\"@type\":\"ListItem\",\"position\":2,\"name\":\"\u00dcber uns &#8211; Kanzlei\"}]},{\"@type\":\"WebSite\",\"@id\":\"https:\/\/steuerkanzlei-leipzig.com\/inhalt\/#website\",\"url\":\"https:\/\/steuerkanzlei-leipzig.com\/inhalt\/\",\"name\":\"Steuerberatung Mandy Else\",\"description\":\"Ihre Steuerberatung in Leipzig \/ Sachsen\",\"publisher\":{\"@id\":\"https:\/\/steuerkanzlei-leipzig.com\/inhalt\/#organization\"},\"potentialAction\":[{\"@type\":\"SearchAction\",\"target\":{\"@type\":\"EntryPoint\",\"urlTemplate\":\"https:\/\/steuerkanzlei-leipzig.com\/inhalt\/?s={search_term_string}\"},\"query-input\":{\"@type\":\"PropertyValueSpecification\",\"valueRequired\":true,\"valueName\":\"search_term_string\"}}],\"inLanguage\":\"de\"},{\"@type\":\"Organization\",\"@id\":\"https:\/\/steuerkanzlei-leipzig.com\/inhalt\/#organization\",\"name\":\"Steuerberatung Mandy Else\",\"url\":\"https:\/\/steuerkanzlei-leipzig.com\/inhalt\/\",\"logo\":{\"@type\":\"ImageObject\",\"inLanguage\":\"de\",\"@id\":\"https:\/\/steuerkanzlei-leipzig.com\/inhalt\/#\/schema\/logo\/image\/\",\"url\":\"https:\/\/steuerkanzlei-leipzig.com\/inhalt\/wp-content\/uploads\/2015\/05\/Leipzig-Steuerberatung-Logo.jpg\",\"contentUrl\":\"https:\/\/steuerkanzlei-leipzig.com\/inhalt\/wp-content\/uploads\/2015\/05\/Leipzig-Steuerberatung-Logo.jpg\",\"width\":600,\"height\":400,\"caption\":\"Steuerberatung Mandy Else\"},\"image\":{\"@id\":\"https:\/\/steuerkanzlei-leipzig.com\/inhalt\/#\/schema\/logo\/image\/\"}}]}<\/script>\n<!-- \/ Yoast SEO plugin. -->","yoast_head_json":{"title":"\u00dcber uns - Kanzlei - Steuerberatung Mandy Else","robots":{"index":"index","follow":"follow","max-snippet":"max-snippet:-1","max-image-preview":"max-image-preview:large","max-video-preview":"max-video-preview:-1"},"canonical":"https:\/\/steuerkanzlei-leipzig.com\/inhalt\/about\/","og_locale":"de_DE","og_type":"article","og_title":"\u00dcber uns - Kanzlei - Steuerberatung Mandy Else","og_url":"https:\/\/steuerkanzlei-leipzig.com\/inhalt\/about\/","og_site_name":"Steuerberatung Mandy Else","article_modified_time":"2018-06-28T09:18:33+00:00","twitter_card":"summary_large_image","twitter_misc":{"Gesch\u00e4tzte Lesezeit":"6\u00a0Minuten"},"schema":{"@context":"https:\/\/schema.org","@graph":[{"@type":"WebPage","@id":"https:\/\/steuerkanzlei-leipzig.com\/inhalt\/about\/","url":"https:\/\/steuerkanzlei-leipzig.com\/inhalt\/about\/","name":"\u00dcber uns - Kanzlei - Steuerberatung Mandy Else","isPartOf":{"@id":"https:\/\/steuerkanzlei-leipzig.com\/inhalt\/#website"},"datePublished":"2014-08-24T17:14:26+00:00","dateModified":"2018-06-28T09:18:33+00:00","breadcrumb":{"@id":"https:\/\/steuerkanzlei-leipzig.com\/inhalt\/about\/#breadcrumb"},"inLanguage":"de","potentialAction":[{"@type":"ReadAction","target":["https:\/\/steuerkanzlei-leipzig.com\/inhalt\/about\/"]}]},{"@type":"BreadcrumbList","@id":"https:\/\/steuerkanzlei-leipzig.com\/inhalt\/about\/#breadcrumb","itemListElement":[{"@type":"ListItem","position":1,"name":"Startseite","item":"https:\/\/steuerkanzlei-leipzig.com\/inhalt\/"},{"@type":"ListItem","position":2,"name":"\u00dcber uns &#8211; Kanzlei"}]},{"@type":"WebSite","@id":"https:\/\/steuerkanzlei-leipzig.com\/inhalt\/#website","url":"https:\/\/steuerkanzlei-leipzig.com\/inhalt\/","name":"Steuerberatung Mandy Else","description":"Ihre Steuerberatung in Leipzig \/ Sachsen","publisher":{"@id":"https:\/\/steuerkanzlei-leipzig.com\/inhalt\/#organization"},"potentialAction":[{"@type":"SearchAction","target":{"@type":"EntryPoint","urlTemplate":"https:\/\/steuerkanzlei-leipzig.com\/inhalt\/?s={search_term_string}"},"query-input":{"@type":"PropertyValueSpecification","valueRequired":true,"valueName":"search_term_string"}}],"inLanguage":"de"},{"@type":"Organization","@id":"https:\/\/steuerkanzlei-leipzig.com\/inhalt\/#organization","name":"Steuerberatung Mandy Else","url":"https:\/\/steuerkanzlei-leipzig.com\/inhalt\/","logo":{"@type":"ImageObject","inLanguage":"de","@id":"https:\/\/steuerkanzlei-leipzig.com\/inhalt\/#\/schema\/logo\/image\/","url":"https:\/\/steuerkanzlei-leipzig.com\/inhalt\/wp-content\/uploads\/2015\/05\/Leipzig-Steuerberatung-Logo.jpg","contentUrl":"https:\/\/steuerkanzlei-leipzig.com\/inhalt\/wp-content\/uploads\/2015\/05\/Leipzig-Steuerberatung-Logo.jpg","width":600,"height":400,"caption":"Steuerberatung Mandy Else"},"image":{"@id":"https:\/\/steuerkanzlei-leipzig.com\/inhalt\/#\/schema\/logo\/image\/"}}]}},"_links":{"self":[{"href":"https:\/\/steuerkanzlei-leipzig.com\/inhalt\/wp-json\/wp\/v2\/pages\/96","targetHints":{"allow":["GET"]}}],"collection":[{"href":"https:\/\/steuerkanzlei-leipzig.com\/inhalt\/wp-json\/wp\/v2\/pages"}],"about":[{"href":"https:\/\/steuerkanzlei-leipzig.com\/inhalt\/wp-json\/wp\/v2\/types\/page"}],"author":[{"embeddable":true,"href":"https:\/\/steuerkanzlei-leipzig.com\/inhalt\/wp-json\/wp\/v2\/users\/1"}],"replies":[{"embeddable":true,"href":"https:\/\/steuerkanzlei-leipzig.com\/inhalt\/wp-json\/wp\/v2\/comments?post=96"}],"version-history":[{"count":48,"href":"https:\/\/steuerkanzlei-leipzig.com\/inhalt\/wp-json\/wp\/v2\/pages\/96\/revisions"}],"predecessor-version":[{"id":1777,"href":"https:\/\/steuerkanzlei-leipzig.com\/inhalt\/wp-json\/wp\/v2\/pages\/96\/revisions\/1777"}],"wp:attachment":[{"href":"https:\/\/steuerkanzlei-leipzig.com\/inhalt\/wp-json\/wp\/v2\/media?parent=96"}],"curies":[{"name":"wp","href":"https:\/\/api.w.org\/{rel}","templated":true}]}}