{"id":744,"date":"2015-10-29T16:22:29","date_gmt":"2015-10-29T15:22:29","guid":{"rendered":"http:\/\/steuerkanzlei-leipzig.com\/inhalt\/?page_id=744"},"modified":"2018-10-01T11:51:20","modified_gmt":"2018-10-01T09:51:20","slug":"nachfolgeberatung","status":"publish","type":"page","link":"https:\/\/steuerkanzlei-leipzig.com\/inhalt\/leistungen\/nachfolgeberatung\/","title":{"rendered":"Nachfolgeberatung"},"content":{"rendered":"\n<style type=\"text\/css\" data-created_by=\"avia_inline_auto\" id=\"style-css-av-2mtuq0-9f38d442137d4bec7f44f7476fe95f48\">\n.avia-section.av-2mtuq0-9f38d442137d4bec7f44f7476fe95f48 .av-parallax .av-parallax-inner{\nbackground-repeat:no-repeat;\nbackground-image:url(https:\/\/steuerkanzlei-leipzig.com\/inhalt\/wp-content\/uploads\/2014\/08\/Fotolia_103777152_S.jpg);\nbackground-position:50% 50%;\nbackground-attachment:scroll;\n}\n.avia-section.av-2mtuq0-9f38d442137d4bec7f44f7476fe95f48 .av-section-color-overlay{\nopacity:0.2;\nbackground-color:#000000;\n}\n<\/style>\n<div id='av_section_1'  class='avia-section av-2mtuq0-9f38d442137d4bec7f44f7476fe95f48 main_color avia-section-large avia-no-shadow  avia-builder-el-0  el_before_av_section  avia-builder-el-first  avia-full-stretch av-parallax-section avia-bg-style-parallax av-section-color-overlay-active container_wrap sidebar_right'  data-section-bg-repeat='stretch'><div class='av-parallax' data-avia-parallax-ratio='0.3' ><div class='av-parallax-inner main_color avia-full-stretch'><\/div><\/div><div class=\"av-section-color-overlay-wrap\"><div class=\"av-section-color-overlay\"><\/div><div class='container av-section-cont-open' ><main  role=\"main\" itemprop=\"mainContentOfPage\"  class='template-page content  av-content-small alpha units'><div class='post-entry post-entry-type-page post-entry-744'><div class='entry-content-wrapper clearfix'>\n\n<style type=\"text\/css\" data-created_by=\"avia_inline_auto\" id=\"style-css-av-jiybzy6r-3799a9f38654ce6ac61ef387b49e2b17\">\n#top .av-special-heading.av-jiybzy6r-3799a9f38654ce6ac61ef387b49e2b17{\npadding-bottom:15px;\ncolor:#ffffff;\nfont-size:50px;\n}\nbody .av-special-heading.av-jiybzy6r-3799a9f38654ce6ac61ef387b49e2b17 .av-special-heading-tag .heading-char{\nfont-size:25px;\n}\n#top #wrap_all .av-special-heading.av-jiybzy6r-3799a9f38654ce6ac61ef387b49e2b17 .av-special-heading-tag{\nfont-size:50px;\n}\n.av-special-heading.av-jiybzy6r-3799a9f38654ce6ac61ef387b49e2b17 .special-heading-inner-border{\nborder-color:#ffffff;\n}\n.av-special-heading.av-jiybzy6r-3799a9f38654ce6ac61ef387b49e2b17 .av-subheading{\nfont-size:15px;\n}\n\n@media only screen and (min-width: 480px) and (max-width: 767px){ \n#top #wrap_all .av-special-heading.av-jiybzy6r-3799a9f38654ce6ac61ef387b49e2b17 .av-special-heading-tag{\nfont-size:0.8em;\n}\n}\n\n@media only screen and (max-width: 479px){ \n#top #wrap_all .av-special-heading.av-jiybzy6r-3799a9f38654ce6ac61ef387b49e2b17 .av-special-heading-tag{\nfont-size:0.8em;\n}\n}\n<\/style>\n<div  class='av-special-heading av-jiybzy6r-3799a9f38654ce6ac61ef387b49e2b17 av-special-heading-h1 custom-color-heading blockquote modern-quote modern-centered  avia-builder-el-1  avia-builder-el-no-sibling  av-inherit-size'><div class='av_custom_color av-subheading av-subheading_above'><p>Leistungen<\/p>\n<\/div><h1 class='av-special-heading-tag '  itemprop=\"headline\"  >Nachfolgeberatung<\/h1><div class=\"special-heading-border\"><div class=\"special-heading-inner-border\"><\/div><\/div><\/div>\n\n<\/div><\/div><\/main><!-- close content main element --><\/div><\/div><\/div><div id='av_section_2'  class='avia-section av-86jyw-2f246d6e3b0abd892d596719b500ef8d main_color avia-section-small avia-no-border-styling  avia-builder-el-2  el_after_av_section  avia-builder-el-last  avia-bg-style-fixed container_wrap sidebar_right'  ><div class='container av-section-cont-open' ><div class='template-page content  av-content-small alpha units'><div class='post-entry post-entry-type-page post-entry-744'><div class='entry-content-wrapper clearfix'>\n<div class='flex_column_table av-79wtc-8b2dc0e29a1406a3683b254e7da3e13e sc-av_two_third av-equal-height-column-flextable'>\n<style type=\"text\/css\" data-created_by=\"avia_inline_auto\" id=\"style-css-av-79wtc-8b2dc0e29a1406a3683b254e7da3e13e\">\n#top .flex_column_table.av-equal-height-column-flextable.av-79wtc-8b2dc0e29a1406a3683b254e7da3e13e{\nmargin-top:-60px;\nmargin-bottom:0px;\n}\n.flex_column.av-79wtc-8b2dc0e29a1406a3683b254e7da3e13e{\nborder-radius:0px 0px 0px 0px;\npadding:30px 30px 30px 30px;\nbackground-color:#ffffff;\n}\n<\/style>\n<div  class='flex_column av-79wtc-8b2dc0e29a1406a3683b254e7da3e13e av_two_third  avia-builder-el-3  el_before_av_one_third  avia-builder-el-first  first no_margin flex_column_table_cell av-equal-height-column av-align-top  '     ><p>\n<style type=\"text\/css\" data-created_by=\"avia_inline_auto\" id=\"style-css-av-av_heading-0e9d4b4cc3758bc60f39469438b2c66f\">\n#top .av-special-heading.av-av_heading-0e9d4b4cc3758bc60f39469438b2c66f{\npadding-bottom:0;\nfont-size:30px;\n}\nbody .av-special-heading.av-av_heading-0e9d4b4cc3758bc60f39469438b2c66f .av-special-heading-tag .heading-char{\nfont-size:25px;\n}\n#top #wrap_all .av-special-heading.av-av_heading-0e9d4b4cc3758bc60f39469438b2c66f .av-special-heading-tag{\nfont-size:30px;\n}\n.av-special-heading.av-av_heading-0e9d4b4cc3758bc60f39469438b2c66f .av-subheading{\nfont-size:15px;\n}\n\n@media only screen and (min-width: 480px) and (max-width: 767px){ \n#top #wrap_all .av-special-heading.av-av_heading-0e9d4b4cc3758bc60f39469438b2c66f .av-special-heading-tag{\nfont-size:0.8em;\n}\n}\n\n@media only screen and (max-width: 479px){ \n#top #wrap_all .av-special-heading.av-av_heading-0e9d4b4cc3758bc60f39469438b2c66f .av-special-heading-tag{\nfont-size:0.8em;\n}\n}\n<\/style>\n<div  class='av-special-heading av-av_heading-0e9d4b4cc3758bc60f39469438b2c66f av-special-heading-h3 blockquote modern-quote  avia-builder-el-4  el_before_av_textblock  avia-builder-el-first  av-inherit-size'><h3 class='av-special-heading-tag '  itemprop=\"headline\"  >Nachfolgeberatung, Vererben und Verschenken<\/h3><div class=\"special-heading-border\"><div class=\"special-heading-inner-border\"><\/div><\/div><\/div><br \/>\n<section  class='av_textblock_section av-1tcqvk-e25b7e0faec2240f938c655138cc8f75 '   itemscope=\"itemscope\" itemtype=\"https:\/\/schema.org\/CreativeWork\" ><div class='avia_textblock'  itemprop=\"text\" ><p>Wir unterst\u00fctzen Sie bei der Planung Ihrer Unternehmensnachfolge.<\/p>\n<p>Das Erbschafts- und Schenkungssteuerrecht gewinnt gerade in der jetzigen Generation der Erben immer mehr an Bedeutung. Insbesondere die Erbschaft zu Lebzeiten (Schenkung) ist aus steuerrechtlicher Gestaltungssicht von enormer Relevanz. Hierbei spielt es keine Rolle, ob Sie Unternehmensverm\u00f6gen, Beteiligungsverm\u00f6gen oder Privatverm\u00f6gen auf eine nachfolgende Generation \u00fcbertragen.<\/p>\n<p>Die Auswirkungen des Verwandtschaftsverh\u00e4ltnisses, die Form des Verm\u00f6gens und nat\u00fcrlich die H\u00f6he der \u00dcbertragung spielen hierbei eine bedeutende Rolle.<\/p>\n<p>Um f\u00fcr Ihr Unternehmen einen geeigneten Nachfolger zu finden, bedarf es einer langfristigen Planung. Unabh\u00e4ngig davon, ob Sie Ihr Lebenswerk an einen Familienangeh\u00f6rigen \u00fcbergeben oder an einen fremden Nachfolger ver\u00e4u\u00dfern m\u00f6chten, unterst\u00fctzen wie Sie bei der Preisfindung und begleiten Sie aktiv durch den gesamten \u00dcbergabeprozess.<\/p>\n<p>Weiterhin bieten wir folgende Leistungen an:<\/p>\n<ul>\n<li>Beratung zur Optimierung der Steuerlast bei vorweggenommener Erbfolge<\/li>\n<li>Grundbesitzbewertung<\/li>\n<li>Betriebs- und Anteilsbewertung<\/li>\n<li>Berechnung und Erstellung der Schenkungs- und Erbschaftsteuererkl\u00e4rung<\/li>\n<li>Beratung zu Unternehmensverkauf und Unternehmensbewertung<\/li>\n<\/ul>\n<\/div><\/section><\/p><\/div>\n<style type=\"text\/css\" data-created_by=\"avia_inline_auto\" id=\"style-css-av-1j3bhs-0d906e4bfc3243a86ccb608aea6a1118\">\n#top .flex_column_table.av-equal-height-column-flextable.av-1j3bhs-0d906e4bfc3243a86ccb608aea6a1118{\nmargin-top:-60px;\nmargin-bottom:0px;\n}\n.flex_column.av-1j3bhs-0d906e4bfc3243a86ccb608aea6a1118{\nborder-radius:0px 0px 0px 0px;\npadding:30px 30px 30px 30px;\nbackground-color:#f0f0f0;\n}\n<\/style>\n<div  class='flex_column av-1j3bhs-0d906e4bfc3243a86ccb608aea6a1118 av_one_third  avia-builder-el-6  el_after_av_two_third  avia-builder-el-last  no_margin flex_column_table_cell av-equal-height-column av-align-top  '     ><p>\n<style type=\"text\/css\" data-created_by=\"avia_inline_auto\" id=\"style-css-av-1fguqg-dc1353ae628adbae436009a1784f7265\">\n.avia-image-container.av-1fguqg-dc1353ae628adbae436009a1784f7265 img.avia_image{\nbox-shadow:none;\n}\n.avia-image-container.av-1fguqg-dc1353ae628adbae436009a1784f7265 .av-image-caption-overlay-center{\ncolor:#ffffff;\n}\n<\/style>\n<div  class='avia-image-container av-1fguqg-dc1353ae628adbae436009a1784f7265 av-styling- avia-align-center  avia-builder-el-7  el_before_av_heading  avia-builder-el-first '   itemprop=\"image\" itemscope=\"itemscope\" itemtype=\"https:\/\/schema.org\/ImageObject\" ><div class=\"avia-image-container-inner\"><div class=\"avia-image-overlay-wrap\"><img decoding=\"async\" fetchpriority=\"high\" class='wp-image-936 avia-img-lazy-loading-not-936 avia_image ' src=\"https:\/\/steuerkanzlei-leipzig.com\/inhalt\/wp-content\/uploads\/2015\/10\/IMG_1706-495x400.jpg\" alt='' title='IMG_1706'  height=\"400\" width=\"495\"  itemprop=\"thumbnailUrl\" srcset=\"https:\/\/steuerkanzlei-leipzig.com\/inhalt\/wp-content\/uploads\/2015\/10\/IMG_1706-495x400.jpg 495w, https:\/\/steuerkanzlei-leipzig.com\/inhalt\/wp-content\/uploads\/2015\/10\/IMG_1706-845x684.jpg 845w\" sizes=\"(max-width: 495px) 100vw, 495px\" \/><\/div><\/div><\/div><br \/>\n\n<style type=\"text\/css\" data-created_by=\"avia_inline_auto\" id=\"style-css-av-av_heading-beb73d8aeff6e4efeb91aa508f997789\">\n#top .av-special-heading.av-av_heading-beb73d8aeff6e4efeb91aa508f997789{\npadding-bottom:0;\nfont-size:30px;\n}\nbody .av-special-heading.av-av_heading-beb73d8aeff6e4efeb91aa508f997789 .av-special-heading-tag .heading-char{\nfont-size:25px;\n}\n#top #wrap_all .av-special-heading.av-av_heading-beb73d8aeff6e4efeb91aa508f997789 .av-special-heading-tag{\nfont-size:30px;\n}\n.av-special-heading.av-av_heading-beb73d8aeff6e4efeb91aa508f997789 .av-subheading{\nfont-size:15px;\n}\n\n@media only screen and (min-width: 480px) and (max-width: 767px){ \n#top #wrap_all .av-special-heading.av-av_heading-beb73d8aeff6e4efeb91aa508f997789 .av-special-heading-tag{\nfont-size:0.8em;\n}\n}\n\n@media only screen and (max-width: 479px){ \n#top #wrap_all .av-special-heading.av-av_heading-beb73d8aeff6e4efeb91aa508f997789 .av-special-heading-tag{\nfont-size:0.8em;\n}\n}\n<\/style>\n<div  class='av-special-heading av-av_heading-beb73d8aeff6e4efeb91aa508f997789 av-special-heading-h3 blockquote modern-quote  avia-builder-el-8  el_after_av_image  el_before_av_textblock  av-inherit-size'><h3 class='av-special-heading-tag '  itemprop=\"headline\"  >Termin vereinbaren<\/h3><div class=\"special-heading-border\"><div class=\"special-heading-inner-border\"><\/div><\/div><\/div><br \/>\n<section  class='av_textblock_section av-12vccg-1927b18843a0cf5891bc78b1bf43e68b '   itemscope=\"itemscope\" itemtype=\"https:\/\/schema.org\/CreativeWork\" ><div class='avia_textblock'  itemprop=\"text\" ><p>Sie m\u00f6chten gerne einen Termin vereinbaren? Rufen Sie mich unter der 034204 \u2013 625 24 an, schicken Sie uns eine <a href=\"mailto:m.else@else-steuerberatung.de\" target=\"_blank\" rel=\"noopener\">E-Mail<\/a> oder schicken uns ihre Anfrage gleich per Formular.<\/p>\n<\/div><\/section><\/p><\/div><\/div><!--close column table wrapper. Autoclose: 1 --><\/div><\/div><\/div><!-- close content main div --><\/div><\/div><div id='after_section_2'  class='main_color av_default_container_wrap container_wrap sidebar_right'  ><div class='container av-section-cont-open' ><div class='template-page content  av-content-small alpha units'><div class='post-entry post-entry-type-page post-entry-744'><div class='entry-content-wrapper clearfix'>\n","protected":false},"excerpt":{"rendered":"","protected":false},"author":1,"featured_media":0,"parent":519,"menu_order":0,"comment_status":"closed","ping_status":"closed","template":"","meta":{"footnotes":""},"class_list":["post-744","page","type-page","status-publish","hentry"],"yoast_head":"<!-- This site is optimized with the Yoast SEO plugin v26.7 - https:\/\/yoast.com\/wordpress\/plugins\/seo\/ -->\n<title>Nachfolgeberatung - Steuerberatung Mandy Else<\/title>\n<meta name=\"robots\" content=\"index, follow, max-snippet:-1, max-image-preview:large, max-video-preview:-1\" \/>\n<link rel=\"canonical\" href=\"https:\/\/steuerkanzlei-leipzig.com\/inhalt\/leistungen\/nachfolgeberatung\/\" \/>\n<meta property=\"og:locale\" content=\"de_DE\" \/>\n<meta property=\"og:type\" content=\"article\" \/>\n<meta property=\"og:title\" content=\"Nachfolgeberatung - Steuerberatung Mandy Else\" \/>\n<meta property=\"og:url\" content=\"https:\/\/steuerkanzlei-leipzig.com\/inhalt\/leistungen\/nachfolgeberatung\/\" \/>\n<meta property=\"og:site_name\" content=\"Steuerberatung Mandy Else\" \/>\n<meta property=\"article:modified_time\" content=\"2018-10-01T09:51:20+00:00\" \/>\n<meta name=\"twitter:card\" content=\"summary_large_image\" \/>\n<meta name=\"twitter:label1\" content=\"Gesch\u00e4tzte Lesezeit\" \/>\n\t<meta name=\"twitter:data1\" content=\"4\u00a0Minuten\" \/>\n<script type=\"application\/ld+json\" class=\"yoast-schema-graph\">{\"@context\":\"https:\/\/schema.org\",\"@graph\":[{\"@type\":\"WebPage\",\"@id\":\"https:\/\/steuerkanzlei-leipzig.com\/inhalt\/leistungen\/nachfolgeberatung\/\",\"url\":\"https:\/\/steuerkanzlei-leipzig.com\/inhalt\/leistungen\/nachfolgeberatung\/\",\"name\":\"Nachfolgeberatung - Steuerberatung Mandy Else\",\"isPartOf\":{\"@id\":\"https:\/\/steuerkanzlei-leipzig.com\/inhalt\/#website\"},\"datePublished\":\"2015-10-29T15:22:29+00:00\",\"dateModified\":\"2018-10-01T09:51:20+00:00\",\"breadcrumb\":{\"@id\":\"https:\/\/steuerkanzlei-leipzig.com\/inhalt\/leistungen\/nachfolgeberatung\/#breadcrumb\"},\"inLanguage\":\"de\",\"potentialAction\":[{\"@type\":\"ReadAction\",\"target\":[\"https:\/\/steuerkanzlei-leipzig.com\/inhalt\/leistungen\/nachfolgeberatung\/\"]}]},{\"@type\":\"BreadcrumbList\",\"@id\":\"https:\/\/steuerkanzlei-leipzig.com\/inhalt\/leistungen\/nachfolgeberatung\/#breadcrumb\",\"itemListElement\":[{\"@type\":\"ListItem\",\"position\":1,\"name\":\"Startseite\",\"item\":\"https:\/\/steuerkanzlei-leipzig.com\/inhalt\/\"},{\"@type\":\"ListItem\",\"position\":2,\"name\":\"Leistungen\",\"item\":\"https:\/\/steuerkanzlei-leipzig.com\/inhalt\/leistungen\/\"},{\"@type\":\"ListItem\",\"position\":3,\"name\":\"Nachfolgeberatung\"}]},{\"@type\":\"WebSite\",\"@id\":\"https:\/\/steuerkanzlei-leipzig.com\/inhalt\/#website\",\"url\":\"https:\/\/steuerkanzlei-leipzig.com\/inhalt\/\",\"name\":\"Steuerberatung Mandy Else\",\"description\":\"Ihre Steuerberatung in Leipzig \/ Sachsen\",\"publisher\":{\"@id\":\"https:\/\/steuerkanzlei-leipzig.com\/inhalt\/#organization\"},\"potentialAction\":[{\"@type\":\"SearchAction\",\"target\":{\"@type\":\"EntryPoint\",\"urlTemplate\":\"https:\/\/steuerkanzlei-leipzig.com\/inhalt\/?s={search_term_string}\"},\"query-input\":{\"@type\":\"PropertyValueSpecification\",\"valueRequired\":true,\"valueName\":\"search_term_string\"}}],\"inLanguage\":\"de\"},{\"@type\":\"Organization\",\"@id\":\"https:\/\/steuerkanzlei-leipzig.com\/inhalt\/#organization\",\"name\":\"Steuerberatung Mandy Else\",\"url\":\"https:\/\/steuerkanzlei-leipzig.com\/inhalt\/\",\"logo\":{\"@type\":\"ImageObject\",\"inLanguage\":\"de\",\"@id\":\"https:\/\/steuerkanzlei-leipzig.com\/inhalt\/#\/schema\/logo\/image\/\",\"url\":\"https:\/\/steuerkanzlei-leipzig.com\/inhalt\/wp-content\/uploads\/2015\/05\/Leipzig-Steuerberatung-Logo.jpg\",\"contentUrl\":\"https:\/\/steuerkanzlei-leipzig.com\/inhalt\/wp-content\/uploads\/2015\/05\/Leipzig-Steuerberatung-Logo.jpg\",\"width\":600,\"height\":400,\"caption\":\"Steuerberatung Mandy Else\"},\"image\":{\"@id\":\"https:\/\/steuerkanzlei-leipzig.com\/inhalt\/#\/schema\/logo\/image\/\"}}]}<\/script>\n<!-- \/ Yoast SEO plugin. -->","yoast_head_json":{"title":"Nachfolgeberatung - Steuerberatung Mandy Else","robots":{"index":"index","follow":"follow","max-snippet":"max-snippet:-1","max-image-preview":"max-image-preview:large","max-video-preview":"max-video-preview:-1"},"canonical":"https:\/\/steuerkanzlei-leipzig.com\/inhalt\/leistungen\/nachfolgeberatung\/","og_locale":"de_DE","og_type":"article","og_title":"Nachfolgeberatung - Steuerberatung Mandy Else","og_url":"https:\/\/steuerkanzlei-leipzig.com\/inhalt\/leistungen\/nachfolgeberatung\/","og_site_name":"Steuerberatung Mandy Else","article_modified_time":"2018-10-01T09:51:20+00:00","twitter_card":"summary_large_image","twitter_misc":{"Gesch\u00e4tzte Lesezeit":"4\u00a0Minuten"},"schema":{"@context":"https:\/\/schema.org","@graph":[{"@type":"WebPage","@id":"https:\/\/steuerkanzlei-leipzig.com\/inhalt\/leistungen\/nachfolgeberatung\/","url":"https:\/\/steuerkanzlei-leipzig.com\/inhalt\/leistungen\/nachfolgeberatung\/","name":"Nachfolgeberatung - Steuerberatung Mandy Else","isPartOf":{"@id":"https:\/\/steuerkanzlei-leipzig.com\/inhalt\/#website"},"datePublished":"2015-10-29T15:22:29+00:00","dateModified":"2018-10-01T09:51:20+00:00","breadcrumb":{"@id":"https:\/\/steuerkanzlei-leipzig.com\/inhalt\/leistungen\/nachfolgeberatung\/#breadcrumb"},"inLanguage":"de","potentialAction":[{"@type":"ReadAction","target":["https:\/\/steuerkanzlei-leipzig.com\/inhalt\/leistungen\/nachfolgeberatung\/"]}]},{"@type":"BreadcrumbList","@id":"https:\/\/steuerkanzlei-leipzig.com\/inhalt\/leistungen\/nachfolgeberatung\/#breadcrumb","itemListElement":[{"@type":"ListItem","position":1,"name":"Startseite","item":"https:\/\/steuerkanzlei-leipzig.com\/inhalt\/"},{"@type":"ListItem","position":2,"name":"Leistungen","item":"https:\/\/steuerkanzlei-leipzig.com\/inhalt\/leistungen\/"},{"@type":"ListItem","position":3,"name":"Nachfolgeberatung"}]},{"@type":"WebSite","@id":"https:\/\/steuerkanzlei-leipzig.com\/inhalt\/#website","url":"https:\/\/steuerkanzlei-leipzig.com\/inhalt\/","name":"Steuerberatung Mandy Else","description":"Ihre Steuerberatung in Leipzig \/ Sachsen","publisher":{"@id":"https:\/\/steuerkanzlei-leipzig.com\/inhalt\/#organization"},"potentialAction":[{"@type":"SearchAction","target":{"@type":"EntryPoint","urlTemplate":"https:\/\/steuerkanzlei-leipzig.com\/inhalt\/?s={search_term_string}"},"query-input":{"@type":"PropertyValueSpecification","valueRequired":true,"valueName":"search_term_string"}}],"inLanguage":"de"},{"@type":"Organization","@id":"https:\/\/steuerkanzlei-leipzig.com\/inhalt\/#organization","name":"Steuerberatung Mandy Else","url":"https:\/\/steuerkanzlei-leipzig.com\/inhalt\/","logo":{"@type":"ImageObject","inLanguage":"de","@id":"https:\/\/steuerkanzlei-leipzig.com\/inhalt\/#\/schema\/logo\/image\/","url":"https:\/\/steuerkanzlei-leipzig.com\/inhalt\/wp-content\/uploads\/2015\/05\/Leipzig-Steuerberatung-Logo.jpg","contentUrl":"https:\/\/steuerkanzlei-leipzig.com\/inhalt\/wp-content\/uploads\/2015\/05\/Leipzig-Steuerberatung-Logo.jpg","width":600,"height":400,"caption":"Steuerberatung Mandy Else"},"image":{"@id":"https:\/\/steuerkanzlei-leipzig.com\/inhalt\/#\/schema\/logo\/image\/"}}]}},"_links":{"self":[{"href":"https:\/\/steuerkanzlei-leipzig.com\/inhalt\/wp-json\/wp\/v2\/pages\/744","targetHints":{"allow":["GET"]}}],"collection":[{"href":"https:\/\/steuerkanzlei-leipzig.com\/inhalt\/wp-json\/wp\/v2\/pages"}],"about":[{"href":"https:\/\/steuerkanzlei-leipzig.com\/inhalt\/wp-json\/wp\/v2\/types\/page"}],"author":[{"embeddable":true,"href":"https:\/\/steuerkanzlei-leipzig.com\/inhalt\/wp-json\/wp\/v2\/users\/1"}],"replies":[{"embeddable":true,"href":"https:\/\/steuerkanzlei-leipzig.com\/inhalt\/wp-json\/wp\/v2\/comments?post=744"}],"version-history":[{"count":18,"href":"https:\/\/steuerkanzlei-leipzig.com\/inhalt\/wp-json\/wp\/v2\/pages\/744\/revisions"}],"predecessor-version":[{"id":1807,"href":"https:\/\/steuerkanzlei-leipzig.com\/inhalt\/wp-json\/wp\/v2\/pages\/744\/revisions\/1807"}],"up":[{"embeddable":true,"href":"https:\/\/steuerkanzlei-leipzig.com\/inhalt\/wp-json\/wp\/v2\/pages\/519"}],"wp:attachment":[{"href":"https:\/\/steuerkanzlei-leipzig.com\/inhalt\/wp-json\/wp\/v2\/media?parent=744"}],"curies":[{"name":"wp","href":"https:\/\/api.w.org\/{rel}","templated":true}]}}