{"id":713,"date":"2015-10-29T15:08:26","date_gmt":"2015-10-29T14:08:26","guid":{"rendered":"http:\/\/steuerkanzlei-leipzig.com\/inhalt\/?page_id=713"},"modified":"2018-06-28T11:12:47","modified_gmt":"2018-06-28T09:12:47","slug":"finanzbuchhaltung","status":"publish","type":"page","link":"https:\/\/steuerkanzlei-leipzig.com\/inhalt\/leistungen\/finanzbuchhaltung\/","title":{"rendered":"Finanzbuchhaltung"},"content":{"rendered":"\n<style type=\"text\/css\" data-created_by=\"avia_inline_auto\" id=\"style-css-av-21amip-50e6c426d308b18c122a0db82fe58fb2\">\n.avia-section.av-21amip-50e6c426d308b18c122a0db82fe58fb2 .av-parallax .av-parallax-inner{\nbackground-repeat:no-repeat;\nbackground-image:url(https:\/\/steuerkanzlei-leipzig.com\/inhalt\/wp-content\/uploads\/2014\/08\/Fotolia_103777152_S.jpg);\nbackground-position:50% 50%;\nbackground-attachment:scroll;\n}\n.avia-section.av-21amip-50e6c426d308b18c122a0db82fe58fb2 .av-section-color-overlay{\nopacity:0.2;\nbackground-color:#000000;\n}\n<\/style>\n<div id='av_section_1'  class='avia-section av-21amip-50e6c426d308b18c122a0db82fe58fb2 main_color avia-section-large avia-no-shadow  avia-builder-el-0  el_before_av_section  avia-builder-el-first  avia-full-stretch av-parallax-section avia-bg-style-parallax av-section-color-overlay-active container_wrap sidebar_right'  data-section-bg-repeat='stretch'><div class='av-parallax' data-avia-parallax-ratio='0.3' ><div class='av-parallax-inner main_color avia-full-stretch'><\/div><\/div><div class=\"av-section-color-overlay-wrap\"><div class=\"av-section-color-overlay\"><\/div><div class='container av-section-cont-open' ><main  role=\"main\" itemprop=\"mainContentOfPage\"  class='template-page content  av-content-small alpha units'><div class='post-entry post-entry-type-page post-entry-713'><div class='entry-content-wrapper clearfix'>\n\n<style type=\"text\/css\" data-created_by=\"avia_inline_auto\" id=\"style-css-av-jiybz67f-58bc21e818ae9971b4366ede4aef7df9\">\n#top .av-special-heading.av-jiybz67f-58bc21e818ae9971b4366ede4aef7df9{\npadding-bottom:15px;\ncolor:#ffffff;\nfont-size:50px;\n}\nbody .av-special-heading.av-jiybz67f-58bc21e818ae9971b4366ede4aef7df9 .av-special-heading-tag .heading-char{\nfont-size:25px;\n}\n#top #wrap_all .av-special-heading.av-jiybz67f-58bc21e818ae9971b4366ede4aef7df9 .av-special-heading-tag{\nfont-size:50px;\n}\n.av-special-heading.av-jiybz67f-58bc21e818ae9971b4366ede4aef7df9 .special-heading-inner-border{\nborder-color:#ffffff;\n}\n.av-special-heading.av-jiybz67f-58bc21e818ae9971b4366ede4aef7df9 .av-subheading{\nfont-size:15px;\n}\n\n@media only screen and (min-width: 480px) and (max-width: 767px){ \n#top #wrap_all .av-special-heading.av-jiybz67f-58bc21e818ae9971b4366ede4aef7df9 .av-special-heading-tag{\nfont-size:0.8em;\n}\n}\n\n@media only screen and (max-width: 479px){ \n#top #wrap_all .av-special-heading.av-jiybz67f-58bc21e818ae9971b4366ede4aef7df9 .av-special-heading-tag{\nfont-size:0.8em;\n}\n}\n<\/style>\n<div  class='av-special-heading av-jiybz67f-58bc21e818ae9971b4366ede4aef7df9 av-special-heading-h1 custom-color-heading blockquote modern-quote modern-centered  avia-builder-el-1  avia-builder-el-no-sibling  av-inherit-size'><div class='av_custom_color av-subheading av-subheading_above'><p>Leistungen<\/p>\n<\/div><h1 class='av-special-heading-tag '  itemprop=\"headline\"  >Finanzbuchhaltung<\/h1><div class=\"special-heading-border\"><div class=\"special-heading-inner-border\"><\/div><\/div><\/div>\n<\/div><\/div><\/main><!-- close content main element --><\/div><\/div><\/div><div id='av_section_2'  class='avia-section av-1qujxt-ec52e8ce237025aa87fcf8dc32000483 main_color avia-section-small avia-no-border-styling  avia-builder-el-2  el_after_av_section  avia-builder-el-last  avia-bg-style-fixed container_wrap sidebar_right'  ><div class='container av-section-cont-open' ><div class='template-page content  av-content-small alpha units'><div class='post-entry post-entry-type-page post-entry-713'><div class='entry-content-wrapper clearfix'>\n<div class='flex_column_table av-1icgnd-44607d5e00491da2b7cefbd14cbcd6d0 sc-av_two_third av-equal-height-column-flextable'>\n<style type=\"text\/css\" data-created_by=\"avia_inline_auto\" id=\"style-css-av-1icgnd-44607d5e00491da2b7cefbd14cbcd6d0\">\n#top .flex_column_table.av-equal-height-column-flextable.av-1icgnd-44607d5e00491da2b7cefbd14cbcd6d0{\nmargin-top:-60px;\nmargin-bottom:0px;\n}\n.flex_column.av-1icgnd-44607d5e00491da2b7cefbd14cbcd6d0{\nborder-radius:0px 0px 0px 0px;\npadding:30px 30px 30px 30px;\nbackground-color:#ffffff;\n}\n<\/style>\n<div  class='flex_column av-1icgnd-44607d5e00491da2b7cefbd14cbcd6d0 av_two_third  avia-builder-el-3  el_before_av_one_third  avia-builder-el-first  first no_margin flex_column_table_cell av-equal-height-column av-align-top  '     ><p>\n<style type=\"text\/css\" data-created_by=\"avia_inline_auto\" id=\"style-css-av-1gvnex-6056d9a28a930526ab2d4a974e6a0a53\">\n#top .av-special-heading.av-1gvnex-6056d9a28a930526ab2d4a974e6a0a53{\npadding-bottom:0;\nfont-size:30px;\n}\nbody .av-special-heading.av-1gvnex-6056d9a28a930526ab2d4a974e6a0a53 .av-special-heading-tag .heading-char{\nfont-size:25px;\n}\n#top #wrap_all .av-special-heading.av-1gvnex-6056d9a28a930526ab2d4a974e6a0a53 .av-special-heading-tag{\nfont-size:30px;\n}\n.av-special-heading.av-1gvnex-6056d9a28a930526ab2d4a974e6a0a53 .av-subheading{\nfont-size:15px;\n}\n\n@media only screen and (min-width: 480px) and (max-width: 767px){ \n#top #wrap_all .av-special-heading.av-1gvnex-6056d9a28a930526ab2d4a974e6a0a53 .av-special-heading-tag{\nfont-size:0.8em;\n}\n}\n\n@media only screen and (max-width: 479px){ \n#top #wrap_all .av-special-heading.av-1gvnex-6056d9a28a930526ab2d4a974e6a0a53 .av-special-heading-tag{\nfont-size:0.8em;\n}\n}\n<\/style>\n<div  class='av-special-heading av-1gvnex-6056d9a28a930526ab2d4a974e6a0a53 av-special-heading-h3 blockquote modern-quote  avia-builder-el-4  el_before_av_textblock  avia-builder-el-first  av-inherit-size'><h3 class='av-special-heading-tag '  itemprop=\"headline\"  >Finanzbuchhaltung<\/h3><div class=\"special-heading-border\"><div class=\"special-heading-inner-border\"><\/div><\/div><\/div><br \/>\n<section  class='av_textblock_section av-17uw21-0b549f8f39581c91103c663354ef2e93 '   itemscope=\"itemscope\" itemtype=\"https:\/\/schema.org\/CreativeWork\" ><div class='avia_textblock'  itemprop=\"text\" ><p>Eine zeitnahe und periodengerechte Finanzbuchhaltung ist eine unbedingte Voraussetzung f\u00fcr die unterj\u00e4hrige Steuerung Ihres Unternehmens. Nur so lassen sich Chancen fr\u00fchzeitig erkennen und Fehlentwicklungen schon im Ansatz vermeiden. Gehen Sie auf Nummer sicher und \u00fcberlassen nichts dem Zufall.<\/p>\n<p>Wir bieten Ihnen folgende Leistungen:<\/p>\n<p><strong>Klassische Buchhaltung<\/strong><\/p>\n<p>Sie reichen als Mandant alle Belege\u00a0 in Papierform\u00a0 chronologisch sortiert monatlich oder viertelj\u00e4hrlich ein. Ihre Kontoausz\u00fcge des Gesch\u00e4ftskontos und die Kassebelege sowie alle Ein- und Ausgangsrechnungen ein.<\/p>\n<ul>\n<li>Kontieren und Erfassen der laufenden Buchhaltung<\/li>\n<li>Erstellung einer offenen Postenbuchhaltung (OPOS)<\/li>\n<li>Erstellung monatlicher Auswertungen (BWA als kurzfristige Erfolgsrechnung mit Vorjahresvergleich)<\/li>\n<li>sachgem\u00e4\u00dfen Zuordnung der Belege zur betriebswirtschaftlichen Auswertung<\/li>\n<li>Erstellung von Umsatzsteuervoranmeldungen<\/li>\n<li>Belegpr\u00fcfung,\u00a0dass diese der Betriebspr\u00fcfung standhalten<\/li>\n<\/ul>\n<p><strong>Buchf\u00fchrung mit Zukunft<\/strong><\/p>\n<ul>\n<li>Buchf\u00fchrung mit digitalen Bankums\u00e4tzen<\/li>\n<li>So bucht man heute &#8211; <a href=\"https:\/\/steuerkanzlei-leipzig.com\/inhalt\/index.php\/leistungen\/unternehmen-online\/\">Unternehmen online<\/a><\/li>\n<li>Digitalisierung der Belege &#8211; Ersetzendes Scannen<\/li>\n<\/ul>\n<\/div><\/section><\/p><\/div>\n<style type=\"text\/css\" data-created_by=\"avia_inline_auto\" id=\"style-css-av-11kzc9-8c33c33b29764759c31fdb5f2ae1e3e9\">\n#top .flex_column_table.av-equal-height-column-flextable.av-11kzc9-8c33c33b29764759c31fdb5f2ae1e3e9{\nmargin-top:-60px;\nmargin-bottom:0px;\n}\n.flex_column.av-11kzc9-8c33c33b29764759c31fdb5f2ae1e3e9{\nborder-radius:0px 0px 0px 0px;\npadding:30px 30px 30px 30px;\nbackground-color:#f0f0f0;\n}\n<\/style>\n<div  class='flex_column av-11kzc9-8c33c33b29764759c31fdb5f2ae1e3e9 av_one_third  avia-builder-el-6  el_after_av_two_third  avia-builder-el-last  no_margin flex_column_table_cell av-equal-height-column av-align-top  '     ><p>\n<style type=\"text\/css\" data-created_by=\"avia_inline_auto\" id=\"style-css-av-wrubd-0c7176bbb8f196d2c98ace46f3991210\">\n#top .av-special-heading.av-wrubd-0c7176bbb8f196d2c98ace46f3991210{\npadding-bottom:15px;\nfont-size:20px;\n}\nbody .av-special-heading.av-wrubd-0c7176bbb8f196d2c98ace46f3991210 .av-special-heading-tag .heading-char{\nfont-size:25px;\n}\n#top #wrap_all .av-special-heading.av-wrubd-0c7176bbb8f196d2c98ace46f3991210 .av-special-heading-tag{\nfont-size:20px;\n}\n.av-special-heading.av-wrubd-0c7176bbb8f196d2c98ace46f3991210 .av-subheading{\nfont-size:15px;\n}\n\n@media only screen and (min-width: 480px) and (max-width: 767px){ \n#top #wrap_all .av-special-heading.av-wrubd-0c7176bbb8f196d2c98ace46f3991210 .av-special-heading-tag{\nfont-size:0.8em;\n}\n}\n\n@media only screen and (max-width: 479px){ \n#top #wrap_all .av-special-heading.av-wrubd-0c7176bbb8f196d2c98ace46f3991210 .av-special-heading-tag{\nfont-size:0.8em;\n}\n}\n<\/style>\n<div  class='av-special-heading av-wrubd-0c7176bbb8f196d2c98ace46f3991210 av-special-heading-h3 blockquote modern-quote  avia-builder-el-7  el_before_av_video  avia-builder-el-first  av-inherit-size'><h3 class='av-special-heading-tag '  itemprop=\"headline\"  >So bucht man heute<\/h3><div class=\"special-heading-border\"><div class=\"special-heading-inner-border\"><\/div><\/div><\/div><br \/>\n<div class=\"avia-video avia-video-16-9\" style=\"\" itemprop=\"video\" itemtype=\"https:\/\/schema.org\/VideoObject\" data-original_url=\"https:\/\/www.youtube.com\/watch?v=QsxBChd2TGw\"><div class=\"BorlabsCookie _brlbs-cb-youtube\"><div class=\"_brlbs-content-blocker\"> <div class=\"_brlbs-embed _brlbs-video-youtube\"> <img decoding=\"async\" class=\"_brlbs-thumbnail\" src=\"https:\/\/steuerkanzlei-leipzig.com\/inhalt\/wp-content\/plugins\/borlabs-cookie\/assets\/images\/cb-no-thumbnail.png\" alt=\"YouTube\"> <div class=\"_brlbs-caption\"> <p>Mit dem Laden des Videos akzeptieren Sie die Datenschutzerkl\u00e4rung von YouTube.<br><a href=\"https:\/\/policies.google.com\/privacy\" target=\"_blank\" rel=\"nofollow noopener noreferrer\">Mehr erfahren<\/a><\/p> <p><a class=\"_brlbs-btn _brlbs-icon-play-white\" href=\"#\" data-borlabs-cookie-unblock role=\"button\">Video laden<\/a><\/p> <p><label><input type=\"checkbox\" name=\"unblockAll\" value=\"1\" checked> <small>YouTube immer entsperren<\/small><\/label><\/p> <\/div> <\/div> <\/div><div class=\"borlabs-hide\" data-borlabs-cookie-type=\"content-blocker\" data-borlabs-cookie-id=\"youtube\"><script type=\"text\/template\">PGRpdiBjbGFzcz0nYXZpYS1pZnJhbWUtd3JhcCc+PGlmcmFtZSB3aWR0aD0iMTUwMCIgaGVpZ2h0PSI4NDQiIHNyYz0iaHR0cHM6Ly93d3cueW91dHViZS1ub2Nvb2tpZS5jb20vZW1iZWQvUXN4QkNoZDJUR3c\/ZmVhdHVyZT1vZW1iZWQiIGZyYW1lYm9yZGVyPSIwIiBhbGxvd2Z1bGxzY3JlZW4+PC9pZnJhbWU+PC9kaXY+<\/script><\/div><\/div><\/div><br \/>\n\n<style type=\"text\/css\" data-created_by=\"avia_inline_auto\" id=\"style-css-av-kh8o9-8429166b7cbc4f3936c3318eabf1e9a9\">\n#top .hr.hr-invisible.av-kh8o9-8429166b7cbc4f3936c3318eabf1e9a9{\nheight:20px;\n}\n<\/style>\n<div  class='hr av-kh8o9-8429166b7cbc4f3936c3318eabf1e9a9 hr-invisible  avia-builder-el-9  el_after_av_video  el_before_av_heading '><span class='hr-inner '><span class=\"hr-inner-style\"><\/span><\/span><\/div><br \/>\n\n<style type=\"text\/css\" data-created_by=\"avia_inline_auto\" id=\"style-css-av-1fvu1-fd92a394f54b2588627888a9b22bfee6\">\n#top .av-special-heading.av-1fvu1-fd92a394f54b2588627888a9b22bfee6{\npadding-bottom:15px;\nfont-size:20px;\n}\nbody .av-special-heading.av-1fvu1-fd92a394f54b2588627888a9b22bfee6 .av-special-heading-tag .heading-char{\nfont-size:25px;\n}\n#top #wrap_all .av-special-heading.av-1fvu1-fd92a394f54b2588627888a9b22bfee6 .av-special-heading-tag{\nfont-size:20px;\n}\n.av-special-heading.av-1fvu1-fd92a394f54b2588627888a9b22bfee6 .av-subheading{\nfont-size:15px;\n}\n\n@media only screen and (min-width: 480px) and (max-width: 767px){ \n#top #wrap_all .av-special-heading.av-1fvu1-fd92a394f54b2588627888a9b22bfee6 .av-special-heading-tag{\nfont-size:0.8em;\n}\n}\n\n@media only screen and (max-width: 479px){ \n#top #wrap_all .av-special-heading.av-1fvu1-fd92a394f54b2588627888a9b22bfee6 .av-special-heading-tag{\nfont-size:0.8em;\n}\n}\n<\/style>\n<div  class='av-special-heading av-1fvu1-fd92a394f54b2588627888a9b22bfee6 av-special-heading-h3 blockquote modern-quote  avia-builder-el-10  el_after_av_hr  el_before_av_video  av-inherit-size'><h3 class='av-special-heading-tag '  itemprop=\"headline\"  >Kassenbuch online<\/h3><div class=\"special-heading-border\"><div class=\"special-heading-inner-border\"><\/div><\/div><\/div><br \/>\n<div class=\"avia-video avia-video-16-9\" style=\"\" itemprop=\"video\" itemtype=\"https:\/\/schema.org\/VideoObject\" data-original_url=\"https:\/\/youtu.be\/9sPQjWqRUwc\"><div class=\"BorlabsCookie _brlbs-cb-youtube\"><div class=\"_brlbs-content-blocker\"> <div class=\"_brlbs-embed _brlbs-video-youtube\"> <img decoding=\"async\" class=\"_brlbs-thumbnail\" src=\"https:\/\/steuerkanzlei-leipzig.com\/inhalt\/wp-content\/plugins\/borlabs-cookie\/assets\/images\/cb-no-thumbnail.png\" alt=\"YouTube\"> <div class=\"_brlbs-caption\"> <p>Mit dem Laden des Videos akzeptieren Sie die Datenschutzerkl\u00e4rung von YouTube.<br><a href=\"https:\/\/policies.google.com\/privacy\" target=\"_blank\" rel=\"nofollow noopener noreferrer\">Mehr erfahren<\/a><\/p> <p><a class=\"_brlbs-btn _brlbs-icon-play-white\" href=\"#\" data-borlabs-cookie-unblock role=\"button\">Video laden<\/a><\/p> <p><label><input type=\"checkbox\" name=\"unblockAll\" value=\"1\" checked> <small>YouTube immer entsperren<\/small><\/label><\/p> <\/div> <\/div> <\/div><div class=\"borlabs-hide\" data-borlabs-cookie-type=\"content-blocker\" data-borlabs-cookie-id=\"youtube\"><script type=\"text\/template\">PGRpdiBjbGFzcz0nYXZpYS1pZnJhbWUtd3JhcCc+PGlmcmFtZSB3aWR0aD0iMTUwMCIgaGVpZ2h0PSI4NDQiIHNyYz0iaHR0cHM6Ly93d3cueW91dHViZS1ub2Nvb2tpZS5jb20vZW1iZWQvOXNQUWpXcVJVd2M\/ZmVhdHVyZT1vZW1iZWQiIGZyYW1lYm9yZGVyPSIwIiBhbGxvd2Z1bGxzY3JlZW4+PC9pZnJhbWU+PC9kaXY+<\/script><\/div><\/div><\/div><\/p><\/div><\/div><!--close column table wrapper. Autoclose: 1 -->\n<\/div><\/div><\/div><!-- close content main div --><\/div><\/div><div id='after_section_2'  class='main_color av_default_container_wrap container_wrap sidebar_right'  ><div class='container av-section-cont-open' ><div class='template-page content  av-content-small alpha units'><div class='post-entry post-entry-type-page post-entry-713'><div class='entry-content-wrapper clearfix'><\/p>\n","protected":false},"excerpt":{"rendered":"","protected":false},"author":1,"featured_media":0,"parent":519,"menu_order":0,"comment_status":"closed","ping_status":"closed","template":"","meta":{"footnotes":""},"class_list":["post-713","page","type-page","status-publish","hentry"],"yoast_head":"<!-- This site is optimized with the Yoast SEO plugin v26.7 - https:\/\/yoast.com\/wordpress\/plugins\/seo\/ -->\n<title>Finanzbuchhaltung - Steuerberatung Mandy Else<\/title>\n<meta name=\"robots\" content=\"index, follow, max-snippet:-1, max-image-preview:large, max-video-preview:-1\" \/>\n<link rel=\"canonical\" href=\"https:\/\/steuerkanzlei-leipzig.com\/inhalt\/leistungen\/finanzbuchhaltung\/\" \/>\n<meta property=\"og:locale\" content=\"de_DE\" \/>\n<meta property=\"og:type\" content=\"article\" \/>\n<meta property=\"og:title\" content=\"Finanzbuchhaltung - Steuerberatung Mandy Else\" \/>\n<meta property=\"og:url\" content=\"https:\/\/steuerkanzlei-leipzig.com\/inhalt\/leistungen\/finanzbuchhaltung\/\" \/>\n<meta property=\"og:site_name\" content=\"Steuerberatung Mandy Else\" \/>\n<meta property=\"article:modified_time\" content=\"2018-06-28T09:12:47+00:00\" \/>\n<meta name=\"twitter:card\" content=\"summary_large_image\" \/>\n<meta name=\"twitter:label1\" content=\"Gesch\u00e4tzte Lesezeit\" \/>\n\t<meta name=\"twitter:data1\" content=\"4\u00a0Minuten\" \/>\n<script type=\"application\/ld+json\" class=\"yoast-schema-graph\">{\"@context\":\"https:\/\/schema.org\",\"@graph\":[{\"@type\":\"WebPage\",\"@id\":\"https:\/\/steuerkanzlei-leipzig.com\/inhalt\/leistungen\/finanzbuchhaltung\/\",\"url\":\"https:\/\/steuerkanzlei-leipzig.com\/inhalt\/leistungen\/finanzbuchhaltung\/\",\"name\":\"Finanzbuchhaltung - Steuerberatung Mandy Else\",\"isPartOf\":{\"@id\":\"https:\/\/steuerkanzlei-leipzig.com\/inhalt\/#website\"},\"datePublished\":\"2015-10-29T14:08:26+00:00\",\"dateModified\":\"2018-06-28T09:12:47+00:00\",\"breadcrumb\":{\"@id\":\"https:\/\/steuerkanzlei-leipzig.com\/inhalt\/leistungen\/finanzbuchhaltung\/#breadcrumb\"},\"inLanguage\":\"de\",\"potentialAction\":[{\"@type\":\"ReadAction\",\"target\":[\"https:\/\/steuerkanzlei-leipzig.com\/inhalt\/leistungen\/finanzbuchhaltung\/\"]}]},{\"@type\":\"BreadcrumbList\",\"@id\":\"https:\/\/steuerkanzlei-leipzig.com\/inhalt\/leistungen\/finanzbuchhaltung\/#breadcrumb\",\"itemListElement\":[{\"@type\":\"ListItem\",\"position\":1,\"name\":\"Startseite\",\"item\":\"https:\/\/steuerkanzlei-leipzig.com\/inhalt\/\"},{\"@type\":\"ListItem\",\"position\":2,\"name\":\"Leistungen\",\"item\":\"https:\/\/steuerkanzlei-leipzig.com\/inhalt\/leistungen\/\"},{\"@type\":\"ListItem\",\"position\":3,\"name\":\"Finanzbuchhaltung\"}]},{\"@type\":\"WebSite\",\"@id\":\"https:\/\/steuerkanzlei-leipzig.com\/inhalt\/#website\",\"url\":\"https:\/\/steuerkanzlei-leipzig.com\/inhalt\/\",\"name\":\"Steuerberatung Mandy Else\",\"description\":\"Ihre Steuerberatung in Leipzig \/ Sachsen\",\"publisher\":{\"@id\":\"https:\/\/steuerkanzlei-leipzig.com\/inhalt\/#organization\"},\"potentialAction\":[{\"@type\":\"SearchAction\",\"target\":{\"@type\":\"EntryPoint\",\"urlTemplate\":\"https:\/\/steuerkanzlei-leipzig.com\/inhalt\/?s={search_term_string}\"},\"query-input\":{\"@type\":\"PropertyValueSpecification\",\"valueRequired\":true,\"valueName\":\"search_term_string\"}}],\"inLanguage\":\"de\"},{\"@type\":\"Organization\",\"@id\":\"https:\/\/steuerkanzlei-leipzig.com\/inhalt\/#organization\",\"name\":\"Steuerberatung Mandy Else\",\"url\":\"https:\/\/steuerkanzlei-leipzig.com\/inhalt\/\",\"logo\":{\"@type\":\"ImageObject\",\"inLanguage\":\"de\",\"@id\":\"https:\/\/steuerkanzlei-leipzig.com\/inhalt\/#\/schema\/logo\/image\/\",\"url\":\"https:\/\/steuerkanzlei-leipzig.com\/inhalt\/wp-content\/uploads\/2015\/05\/Leipzig-Steuerberatung-Logo.jpg\",\"contentUrl\":\"https:\/\/steuerkanzlei-leipzig.com\/inhalt\/wp-content\/uploads\/2015\/05\/Leipzig-Steuerberatung-Logo.jpg\",\"width\":600,\"height\":400,\"caption\":\"Steuerberatung Mandy Else\"},\"image\":{\"@id\":\"https:\/\/steuerkanzlei-leipzig.com\/inhalt\/#\/schema\/logo\/image\/\"}}]}<\/script>\n<!-- \/ Yoast SEO plugin. -->","yoast_head_json":{"title":"Finanzbuchhaltung - Steuerberatung Mandy Else","robots":{"index":"index","follow":"follow","max-snippet":"max-snippet:-1","max-image-preview":"max-image-preview:large","max-video-preview":"max-video-preview:-1"},"canonical":"https:\/\/steuerkanzlei-leipzig.com\/inhalt\/leistungen\/finanzbuchhaltung\/","og_locale":"de_DE","og_type":"article","og_title":"Finanzbuchhaltung - Steuerberatung Mandy Else","og_url":"https:\/\/steuerkanzlei-leipzig.com\/inhalt\/leistungen\/finanzbuchhaltung\/","og_site_name":"Steuerberatung Mandy Else","article_modified_time":"2018-06-28T09:12:47+00:00","twitter_card":"summary_large_image","twitter_misc":{"Gesch\u00e4tzte Lesezeit":"4\u00a0Minuten"},"schema":{"@context":"https:\/\/schema.org","@graph":[{"@type":"WebPage","@id":"https:\/\/steuerkanzlei-leipzig.com\/inhalt\/leistungen\/finanzbuchhaltung\/","url":"https:\/\/steuerkanzlei-leipzig.com\/inhalt\/leistungen\/finanzbuchhaltung\/","name":"Finanzbuchhaltung - Steuerberatung Mandy Else","isPartOf":{"@id":"https:\/\/steuerkanzlei-leipzig.com\/inhalt\/#website"},"datePublished":"2015-10-29T14:08:26+00:00","dateModified":"2018-06-28T09:12:47+00:00","breadcrumb":{"@id":"https:\/\/steuerkanzlei-leipzig.com\/inhalt\/leistungen\/finanzbuchhaltung\/#breadcrumb"},"inLanguage":"de","potentialAction":[{"@type":"ReadAction","target":["https:\/\/steuerkanzlei-leipzig.com\/inhalt\/leistungen\/finanzbuchhaltung\/"]}]},{"@type":"BreadcrumbList","@id":"https:\/\/steuerkanzlei-leipzig.com\/inhalt\/leistungen\/finanzbuchhaltung\/#breadcrumb","itemListElement":[{"@type":"ListItem","position":1,"name":"Startseite","item":"https:\/\/steuerkanzlei-leipzig.com\/inhalt\/"},{"@type":"ListItem","position":2,"name":"Leistungen","item":"https:\/\/steuerkanzlei-leipzig.com\/inhalt\/leistungen\/"},{"@type":"ListItem","position":3,"name":"Finanzbuchhaltung"}]},{"@type":"WebSite","@id":"https:\/\/steuerkanzlei-leipzig.com\/inhalt\/#website","url":"https:\/\/steuerkanzlei-leipzig.com\/inhalt\/","name":"Steuerberatung Mandy Else","description":"Ihre Steuerberatung in Leipzig \/ Sachsen","publisher":{"@id":"https:\/\/steuerkanzlei-leipzig.com\/inhalt\/#organization"},"potentialAction":[{"@type":"SearchAction","target":{"@type":"EntryPoint","urlTemplate":"https:\/\/steuerkanzlei-leipzig.com\/inhalt\/?s={search_term_string}"},"query-input":{"@type":"PropertyValueSpecification","valueRequired":true,"valueName":"search_term_string"}}],"inLanguage":"de"},{"@type":"Organization","@id":"https:\/\/steuerkanzlei-leipzig.com\/inhalt\/#organization","name":"Steuerberatung Mandy Else","url":"https:\/\/steuerkanzlei-leipzig.com\/inhalt\/","logo":{"@type":"ImageObject","inLanguage":"de","@id":"https:\/\/steuerkanzlei-leipzig.com\/inhalt\/#\/schema\/logo\/image\/","url":"https:\/\/steuerkanzlei-leipzig.com\/inhalt\/wp-content\/uploads\/2015\/05\/Leipzig-Steuerberatung-Logo.jpg","contentUrl":"https:\/\/steuerkanzlei-leipzig.com\/inhalt\/wp-content\/uploads\/2015\/05\/Leipzig-Steuerberatung-Logo.jpg","width":600,"height":400,"caption":"Steuerberatung Mandy Else"},"image":{"@id":"https:\/\/steuerkanzlei-leipzig.com\/inhalt\/#\/schema\/logo\/image\/"}}]}},"_links":{"self":[{"href":"https:\/\/steuerkanzlei-leipzig.com\/inhalt\/wp-json\/wp\/v2\/pages\/713","targetHints":{"allow":["GET"]}}],"collection":[{"href":"https:\/\/steuerkanzlei-leipzig.com\/inhalt\/wp-json\/wp\/v2\/pages"}],"about":[{"href":"https:\/\/steuerkanzlei-leipzig.com\/inhalt\/wp-json\/wp\/v2\/types\/page"}],"author":[{"embeddable":true,"href":"https:\/\/steuerkanzlei-leipzig.com\/inhalt\/wp-json\/wp\/v2\/users\/1"}],"replies":[{"embeddable":true,"href":"https:\/\/steuerkanzlei-leipzig.com\/inhalt\/wp-json\/wp\/v2\/comments?post=713"}],"version-history":[{"count":20,"href":"https:\/\/steuerkanzlei-leipzig.com\/inhalt\/wp-json\/wp\/v2\/pages\/713\/revisions"}],"predecessor-version":[{"id":1746,"href":"https:\/\/steuerkanzlei-leipzig.com\/inhalt\/wp-json\/wp\/v2\/pages\/713\/revisions\/1746"}],"up":[{"embeddable":true,"href":"https:\/\/steuerkanzlei-leipzig.com\/inhalt\/wp-json\/wp\/v2\/pages\/519"}],"wp:attachment":[{"href":"https:\/\/steuerkanzlei-leipzig.com\/inhalt\/wp-json\/wp\/v2\/media?parent=713"}],"curies":[{"name":"wp","href":"https:\/\/api.w.org\/{rel}","templated":true}]}}