{"id":705,"date":"2015-10-29T14:57:38","date_gmt":"2015-10-29T13:57:38","guid":{"rendered":"http:\/\/steuerkanzlei-leipzig.com\/inhalt\/?page_id=705"},"modified":"2018-06-28T11:13:42","modified_gmt":"2018-06-28T09:13:42","slug":"private-steuerberatung","status":"publish","type":"page","link":"https:\/\/steuerkanzlei-leipzig.com\/inhalt\/leistungen\/private-steuerberatung\/","title":{"rendered":"Privatpersonen"},"content":{"rendered":"\n<style type=\"text\/css\" data-created_by=\"avia_inline_auto\" id=\"style-css-av-2xr08p-1f7e7b0f2a1be3f32c6230c76340c8f8\">\n.avia-section.av-2xr08p-1f7e7b0f2a1be3f32c6230c76340c8f8 .av-parallax .av-parallax-inner{\nbackground-repeat:no-repeat;\nbackground-image:url(https:\/\/steuerkanzlei-leipzig.com\/inhalt\/wp-content\/uploads\/2014\/08\/Fotolia_103777152_S.jpg);\nbackground-position:50% 50%;\nbackground-attachment:scroll;\n}\n.avia-section.av-2xr08p-1f7e7b0f2a1be3f32c6230c76340c8f8 .av-section-color-overlay{\nopacity:0.2;\nbackground-color:#000000;\n}\n<\/style>\n<div id='av_section_1'  class='avia-section av-2xr08p-1f7e7b0f2a1be3f32c6230c76340c8f8 main_color avia-section-large avia-no-shadow  avia-builder-el-0  el_before_av_section  avia-builder-el-first  avia-full-stretch av-parallax-section avia-bg-style-parallax av-section-color-overlay-active container_wrap sidebar_right'  data-section-bg-repeat='stretch'><div class='av-parallax' data-avia-parallax-ratio='0.3' ><div class='av-parallax-inner main_color avia-full-stretch'><\/div><\/div><div class=\"av-section-color-overlay-wrap\"><div class=\"av-section-color-overlay\"><\/div><div class='container av-section-cont-open' ><main  role=\"main\" itemprop=\"mainContentOfPage\"  class='template-page content  av-content-small alpha units'><div class='post-entry post-entry-type-page post-entry-705'><div class='entry-content-wrapper clearfix'>\n\n<style type=\"text\/css\" data-created_by=\"avia_inline_auto\" id=\"style-css-av-jiyc0cfb-fcbccc8d43e2cdae0a5f52317eeb6ec1\">\n#top .av-special-heading.av-jiyc0cfb-fcbccc8d43e2cdae0a5f52317eeb6ec1{\npadding-bottom:15px;\ncolor:#ffffff;\nfont-size:50px;\n}\nbody .av-special-heading.av-jiyc0cfb-fcbccc8d43e2cdae0a5f52317eeb6ec1 .av-special-heading-tag .heading-char{\nfont-size:25px;\n}\n#top #wrap_all .av-special-heading.av-jiyc0cfb-fcbccc8d43e2cdae0a5f52317eeb6ec1 .av-special-heading-tag{\nfont-size:50px;\n}\n.av-special-heading.av-jiyc0cfb-fcbccc8d43e2cdae0a5f52317eeb6ec1 .special-heading-inner-border{\nborder-color:#ffffff;\n}\n.av-special-heading.av-jiyc0cfb-fcbccc8d43e2cdae0a5f52317eeb6ec1 .av-subheading{\nfont-size:15px;\n}\n\n@media only screen and (min-width: 480px) and (max-width: 767px){ \n#top #wrap_all .av-special-heading.av-jiyc0cfb-fcbccc8d43e2cdae0a5f52317eeb6ec1 .av-special-heading-tag{\nfont-size:0.8em;\n}\n}\n\n@media only screen and (max-width: 479px){ \n#top #wrap_all .av-special-heading.av-jiyc0cfb-fcbccc8d43e2cdae0a5f52317eeb6ec1 .av-special-heading-tag{\nfont-size:0.8em;\n}\n}\n<\/style>\n<div  class='av-special-heading av-jiyc0cfb-fcbccc8d43e2cdae0a5f52317eeb6ec1 av-special-heading-h1 custom-color-heading blockquote modern-quote modern-centered  avia-builder-el-1  avia-builder-el-no-sibling  av-inherit-size'><div class='av_custom_color av-subheading av-subheading_above'><p>Leistungen<\/p>\n<\/div><h1 class='av-special-heading-tag '  itemprop=\"headline\"  >Private Steuerberatung<\/h1><div class=\"special-heading-border\"><div class=\"special-heading-inner-border\"><\/div><\/div><\/div>\n<\/div><\/div><\/main><!-- close content main element --><\/div><\/div><\/div><div id='av_section_2'  class='avia-section av-2ln2kh-0909e9d74b3bd21dfe9a1db3d8d34be3 main_color avia-section-small avia-no-border-styling  avia-builder-el-2  el_after_av_section  avia-builder-el-last  avia-bg-style-fixed container_wrap sidebar_right'  ><div class='container av-section-cont-open' ><div class='template-page content  av-content-small alpha units'><div class='post-entry post-entry-type-page post-entry-705'><div class='entry-content-wrapper clearfix'>\n<div class='flex_column_table av-2gkv5l-0b0764079d9795138f1fbd51074d7ae9 sc-av_two_third av-equal-height-column-flextable'>\n<style type=\"text\/css\" data-created_by=\"avia_inline_auto\" id=\"style-css-av-2gkv5l-0b0764079d9795138f1fbd51074d7ae9\">\n#top .flex_column_table.av-equal-height-column-flextable.av-2gkv5l-0b0764079d9795138f1fbd51074d7ae9{\nmargin-top:-60px;\nmargin-bottom:0px;\n}\n.flex_column.av-2gkv5l-0b0764079d9795138f1fbd51074d7ae9{\nborder-radius:0px 0px 0px 0px;\npadding:30px 30px 30px 30px;\nbackground-color:#ffffff;\n}\n<\/style>\n<div  class='flex_column av-2gkv5l-0b0764079d9795138f1fbd51074d7ae9 av_two_third  avia-builder-el-3  el_before_av_one_third  avia-builder-el-first  first no_margin flex_column_table_cell av-equal-height-column av-align-top  '     ><p>\n<style type=\"text\/css\" data-created_by=\"avia_inline_auto\" id=\"style-css-av-274iu9-154e743e42cadc09d356fc268d07e171\">\n#top .av-special-heading.av-274iu9-154e743e42cadc09d356fc268d07e171{\npadding-bottom:0;\nfont-size:30px;\n}\nbody .av-special-heading.av-274iu9-154e743e42cadc09d356fc268d07e171 .av-special-heading-tag .heading-char{\nfont-size:25px;\n}\n#top #wrap_all .av-special-heading.av-274iu9-154e743e42cadc09d356fc268d07e171 .av-special-heading-tag{\nfont-size:30px;\n}\n.av-special-heading.av-274iu9-154e743e42cadc09d356fc268d07e171 .av-subheading{\nfont-size:15px;\n}\n\n@media only screen and (min-width: 480px) and (max-width: 767px){ \n#top #wrap_all .av-special-heading.av-274iu9-154e743e42cadc09d356fc268d07e171 .av-special-heading-tag{\nfont-size:0.8em;\n}\n}\n\n@media only screen and (max-width: 479px){ \n#top #wrap_all .av-special-heading.av-274iu9-154e743e42cadc09d356fc268d07e171 .av-special-heading-tag{\nfont-size:0.8em;\n}\n}\n<\/style>\n<div  class='av-special-heading av-274iu9-154e743e42cadc09d356fc268d07e171 av-special-heading-h3 blockquote modern-quote  avia-builder-el-4  el_before_av_textblock  avia-builder-el-first  av-inherit-size'><h3 class='av-special-heading-tag '  itemprop=\"headline\"  >Privatpersonen<\/h3><div class=\"special-heading-border\"><div class=\"special-heading-inner-border\"><\/div><\/div><\/div><br \/>\n<section  class='av_textblock_section av-7is89-67fe45cdf31ccbc74b5920226f95882f '   itemscope=\"itemscope\" itemtype=\"https:\/\/schema.org\/CreativeWork\" ><div class='avia_textblock'  itemprop=\"text\" ><p>Aufgrund des extrem komplexen Steuersystems in Deutschland haben private Entscheidungen oft steuerrechtliche Konsequenzen. Sei es als Angestellter, Vermieter, Rentner, Bezieher von Kapitalertr\u00e4gen, Eltern oder Kinder. Daher ist es wichtig, vorher steuerliche Beratung in Anspruch zu nehmen, um etwaige steuerliche Folgen bedenken zu k\u00f6nnen und Ihre steuerliche Situation optimal zu gestalten. Mit unserer Erfahrung und unserem Wissen k\u00f6nnen Sie sicher sein, dass Sie s\u00e4mtliche\u00a0Gestaltungsm\u00f6glichkeiten aussch\u00f6pfen.<\/p>\n<\/div><\/section><br \/>\n\n<style type=\"text\/css\" data-created_by=\"avia_inline_auto\" id=\"style-css-av-1xeu3t-002542be4c6939c24243febfc06c7b5b\">\n#top .av-special-heading.av-1xeu3t-002542be4c6939c24243febfc06c7b5b{\npadding-bottom:15px;\nfont-size:30px;\n}\nbody .av-special-heading.av-1xeu3t-002542be4c6939c24243febfc06c7b5b .av-special-heading-tag .heading-char{\nfont-size:25px;\n}\n#top #wrap_all .av-special-heading.av-1xeu3t-002542be4c6939c24243febfc06c7b5b .av-special-heading-tag{\nfont-size:30px;\n}\n.av-special-heading.av-1xeu3t-002542be4c6939c24243febfc06c7b5b .av-subheading{\nfont-size:15px;\n}\n\n@media only screen and (min-width: 480px) and (max-width: 767px){ \n#top #wrap_all .av-special-heading.av-1xeu3t-002542be4c6939c24243febfc06c7b5b .av-special-heading-tag{\nfont-size:0.8em;\n}\n}\n\n@media only screen and (max-width: 479px){ \n#top #wrap_all .av-special-heading.av-1xeu3t-002542be4c6939c24243febfc06c7b5b .av-special-heading-tag{\nfont-size:0.8em;\n}\n}\n<\/style>\n<div  class='av-special-heading av-1xeu3t-002542be4c6939c24243febfc06c7b5b av-special-heading-h3 blockquote modern-quote  avia-builder-el-6  el_after_av_textblock  el_before_av_textblock  av-inherit-size'><h3 class='av-special-heading-tag '  itemprop=\"headline\"  >Unser Leistungskatalog<\/h3><div class=\"special-heading-border\"><div class=\"special-heading-inner-border\"><\/div><\/div><\/div><br \/>\n<section  class='av_textblock_section av-1r11q9-c3ace5250ef9ceea06e15c7ddeca3ec2 '   itemscope=\"itemscope\" itemtype=\"https:\/\/schema.org\/CreativeWork\" ><div class='avia_textblock'  itemprop=\"text\" ><ul>\n<li><a href=\"https:\/\/steuerkanzlei-leipzig.com\/inhalt\/index.php\/leistungen\/einkommensteuererklaerungen\/\">Anfertigung von Steuererkl\u00e4rungen<\/a><\/li>\n<li>Durchf\u00fchrung au\u00dfergerichtlicher und gerichtlicher Rechtsbehelfsverfahren<\/li>\n<li>Durchf\u00fchrung von Steuerplanungen zur Reduzierung der Steuerbelastung<\/li>\n<li>Beratung Steuerklassenwahl<\/li>\n<li>Lohnsteuerberatung von Arbeitnehmern<\/li>\n<li>Anpassung der Steuervorauszahlungen<\/li>\n<li>Antr\u00e4ge auf Erlass und Stundung<\/li>\n<li>Beratung zur steuerlichen Auswirkung von Immobilienerwerben und -ver\u00e4u\u00dferung<\/li>\n<li>Steuerplanungsrechnung<\/li>\n<li>Altersvorsorgeplanung<\/li>\n<li>Vermietung und Verpachtung<\/li>\n<\/ul>\n<\/div><\/section><br \/>\n\n<style type=\"text\/css\" data-created_by=\"avia_inline_auto\" id=\"style-css-av-1lany1-25c1c82434de35b2cb107b34f44b3011\">\n#top .hr.hr-invisible.av-1lany1-25c1c82434de35b2cb107b34f44b3011{\nheight:20px;\n}\n<\/style>\n<div  class='hr av-1lany1-25c1c82434de35b2cb107b34f44b3011 hr-invisible  avia-builder-el-8  el_after_av_textblock  avia-builder-el-last '><span class='hr-inner '><span class=\"hr-inner-style\"><\/span><\/span><\/div><\/p><\/div>\n<style type=\"text\/css\" data-created_by=\"avia_inline_auto\" id=\"style-css-av-1gv77d-252aefbc3597566387e27237f2b7df00\">\n#top .flex_column_table.av-equal-height-column-flextable.av-1gv77d-252aefbc3597566387e27237f2b7df00{\nmargin-top:-60px;\nmargin-bottom:0px;\n}\n.flex_column.av-1gv77d-252aefbc3597566387e27237f2b7df00{\nborder-radius:0px 0px 0px 0px;\npadding:30px 30px 30px 30px;\nbackground-color:#f0f0f0;\n}\n<\/style>\n<div  class='flex_column av-1gv77d-252aefbc3597566387e27237f2b7df00 av_one_third  avia-builder-el-9  el_after_av_two_third  avia-builder-el-last  no_margin flex_column_table_cell av-equal-height-column av-align-top  '     ><p>\n<style type=\"text\/css\" data-created_by=\"avia_inline_auto\" id=\"style-css-av-1bmhzt-14764c634ba0f635e7b26579266eda5c\">\n.avia-image-container.av-1bmhzt-14764c634ba0f635e7b26579266eda5c img.avia_image{\nbox-shadow:none;\n}\n.avia-image-container.av-1bmhzt-14764c634ba0f635e7b26579266eda5c .av-image-caption-overlay-center{\ncolor:#ffffff;\n}\n<\/style>\n<div  class='avia-image-container av-1bmhzt-14764c634ba0f635e7b26579266eda5c av-styling- avia-align-center  avia-builder-el-10  el_before_av_heading  avia-builder-el-first '   itemprop=\"image\" itemscope=\"itemscope\" itemtype=\"https:\/\/schema.org\/ImageObject\" ><div class=\"avia-image-container-inner\"><div class=\"avia-image-overlay-wrap\"><img decoding=\"async\" fetchpriority=\"high\" class='wp-image-936 avia-img-lazy-loading-not-936 avia_image ' src=\"https:\/\/steuerkanzlei-leipzig.com\/inhalt\/wp-content\/uploads\/2015\/10\/IMG_1706-495x400.jpg\" alt='' title='IMG_1706'  height=\"400\" width=\"495\"  itemprop=\"thumbnailUrl\" srcset=\"https:\/\/steuerkanzlei-leipzig.com\/inhalt\/wp-content\/uploads\/2015\/10\/IMG_1706-495x400.jpg 495w, https:\/\/steuerkanzlei-leipzig.com\/inhalt\/wp-content\/uploads\/2015\/10\/IMG_1706-845x684.jpg 845w\" sizes=\"(max-width: 495px) 100vw, 495px\" \/><\/div><\/div><\/div><br \/>\n\n<style type=\"text\/css\" data-created_by=\"avia_inline_auto\" id=\"style-css-av-1231sp-f83257ef418f8a1bc80615ff40744c44\">\n#top .av-special-heading.av-1231sp-f83257ef418f8a1bc80615ff40744c44{\npadding-bottom:0;\nfont-size:30px;\n}\nbody .av-special-heading.av-1231sp-f83257ef418f8a1bc80615ff40744c44 .av-special-heading-tag .heading-char{\nfont-size:25px;\n}\n#top #wrap_all .av-special-heading.av-1231sp-f83257ef418f8a1bc80615ff40744c44 .av-special-heading-tag{\nfont-size:30px;\n}\n.av-special-heading.av-1231sp-f83257ef418f8a1bc80615ff40744c44 .av-subheading{\nfont-size:15px;\n}\n\n@media only screen and (min-width: 480px) and (max-width: 767px){ \n#top #wrap_all .av-special-heading.av-1231sp-f83257ef418f8a1bc80615ff40744c44 .av-special-heading-tag{\nfont-size:0.8em;\n}\n}\n\n@media only screen and (max-width: 479px){ \n#top #wrap_all .av-special-heading.av-1231sp-f83257ef418f8a1bc80615ff40744c44 .av-special-heading-tag{\nfont-size:0.8em;\n}\n}\n<\/style>\n<div  class='av-special-heading av-1231sp-f83257ef418f8a1bc80615ff40744c44 av-special-heading-h3 blockquote modern-quote  avia-builder-el-11  el_after_av_image  el_before_av_textblock  av-inherit-size'><h3 class='av-special-heading-tag '  itemprop=\"headline\"  >Mandy Else<\/h3><div class=\"special-heading-border\"><div class=\"special-heading-inner-border\"><\/div><\/div><\/div><br \/>\n<section  class='av_textblock_section av-z8fcp-9d51a73439f5968f4c553509f8e3027b '   itemscope=\"itemscope\" itemtype=\"https:\/\/schema.org\/CreativeWork\" ><div class='avia_textblock'  itemprop=\"text\" ><p>Haben Sie den Durchblick im Steuerdschungel verloren? Gern begleite ich Sie sicher hindurch und stehe Ihnen mit Rat und Tat zur Seite.<\/p>\n<\/div><\/section><br \/>\n<div  class='avia-icon-list-container av-sow6p-c6b035508ae880b61f1f76e2a9850b30  avia-builder-el-13  el_after_av_textblock  avia-builder-el-last '><ul class='avia-icon-list avia_animate_when_almost_visible avia-icon-list-left av-iconlist-big av-sow6p-c6b035508ae880b61f1f76e2a9850b30 avia-iconlist-animate'>\n<li><div class='iconlist_icon av-j7i29-47f13d99cacd95b7da05e05b31a094eb avia-font-entypo-fontello avia-iconfont avia-font-entypo-fontello'><span class='av-icon-char' data-av_icon='\ue854' data-av_iconfont='entypo-fontello' aria-hidden=\"true\"><\/span><\/div><article class=\"article-icon-entry \"  itemscope=\"itemscope\" itemtype=\"https:\/\/schema.org\/CreativeWork\" ><div class=\"iconlist_content_wrap\"><header class=\"entry-content-header\" aria-label=\"Icon: Telefon\"><h4 class='av_iconlist_title iconlist_title  '  itemprop=\"headline\" >Telefon<\/h4><\/header><div class='iconlist_content '  itemprop=\"text\" ><p>034204 \u2013 625 24<\/p>\n<\/div><\/div><footer class=\"entry-footer\"><\/footer><\/article><div class=\"iconlist-timeline\"><\/div><\/li>\n<li><div class='iconlist_icon av-19735-872f2cf9a43e6caaca35a5348f3d5932 avia-font-entypo-fontello avia-iconfont avia-font-entypo-fontello'><span class='av-icon-char' data-av_icon='\ue838' data-av_iconfont='entypo-fontello' aria-hidden=\"true\"><\/span><\/div><article class=\"article-icon-entry \"  itemscope=\"itemscope\" itemtype=\"https:\/\/schema.org\/CreativeWork\" ><div class=\"iconlist_content_wrap\"><header class=\"entry-content-header\" aria-label=\"Icon: Fax\"><h4 class='av_iconlist_title iconlist_title  '  itemprop=\"headline\" >Fax<\/h4><\/header><div class='iconlist_content '  itemprop=\"text\" ><p>034204 \u2013 625 28<\/p>\n<\/div><\/div><footer class=\"entry-footer\"><\/footer><\/article><div class=\"iconlist-timeline\"><\/div><\/li>\n<li><div class='iconlist_icon av-76bxd-11f8c351527cf32621328c9ec7775343 avia-font-entypo-fontello avia-iconfont avia-font-entypo-fontello'><span class='av-icon-char' data-av_icon='\ue844' data-av_iconfont='entypo-fontello' aria-hidden=\"true\"><\/span><\/div><article class=\"article-icon-entry \"  itemscope=\"itemscope\" itemtype=\"https:\/\/schema.org\/CreativeWork\" ><div class=\"iconlist_content_wrap\"><header class=\"entry-content-header\" aria-label=\"Icon: E-Mail\"><h4 class='av_iconlist_title iconlist_title  '  itemprop=\"headline\" >E-Mail<\/h4><\/header><div class='iconlist_content '  itemprop=\"text\" ><p><a href=\"mailto:m.else@else-steuerberatung.de\">m.else@else-steuerberatung.de<\/a><\/p>\n<\/div><\/div><footer class=\"entry-footer\"><\/footer><\/article><div class=\"iconlist-timeline\"><\/div><\/li>\n<\/ul><\/div><\/p><\/div><\/div><!--close column table wrapper. Autoclose: 1 -->\n<\/div><\/div><\/div><!-- close content main div --><\/div><\/div><div id='after_section_2'  class='main_color av_default_container_wrap container_wrap sidebar_right'  ><div class='container av-section-cont-open' ><div class='template-page content  av-content-small alpha units'><div class='post-entry post-entry-type-page post-entry-705'><div class='entry-content-wrapper clearfix'><\/p>\n","protected":false},"excerpt":{"rendered":"","protected":false},"author":1,"featured_media":0,"parent":519,"menu_order":0,"comment_status":"closed","ping_status":"closed","template":"","meta":{"footnotes":""},"class_list":["post-705","page","type-page","status-publish","hentry"],"yoast_head":"<!-- This site is optimized with the Yoast SEO plugin v26.7 - https:\/\/yoast.com\/wordpress\/plugins\/seo\/ -->\n<title>Privatpersonen - Steuerberatung Mandy Else<\/title>\n<meta name=\"robots\" content=\"index, follow, max-snippet:-1, max-image-preview:large, max-video-preview:-1\" \/>\n<link rel=\"canonical\" href=\"https:\/\/steuerkanzlei-leipzig.com\/inhalt\/leistungen\/private-steuerberatung\/\" \/>\n<meta property=\"og:locale\" content=\"de_DE\" \/>\n<meta property=\"og:type\" content=\"article\" \/>\n<meta property=\"og:title\" content=\"Privatpersonen - Steuerberatung Mandy Else\" \/>\n<meta property=\"og:url\" content=\"https:\/\/steuerkanzlei-leipzig.com\/inhalt\/leistungen\/private-steuerberatung\/\" \/>\n<meta property=\"og:site_name\" content=\"Steuerberatung Mandy Else\" \/>\n<meta property=\"article:modified_time\" content=\"2018-06-28T09:13:42+00:00\" \/>\n<meta name=\"twitter:card\" content=\"summary_large_image\" \/>\n<meta name=\"twitter:label1\" content=\"Gesch\u00e4tzte Lesezeit\" \/>\n\t<meta name=\"twitter:data1\" content=\"4\u00a0Minuten\" \/>\n<script type=\"application\/ld+json\" class=\"yoast-schema-graph\">{\"@context\":\"https:\/\/schema.org\",\"@graph\":[{\"@type\":\"WebPage\",\"@id\":\"https:\/\/steuerkanzlei-leipzig.com\/inhalt\/leistungen\/private-steuerberatung\/\",\"url\":\"https:\/\/steuerkanzlei-leipzig.com\/inhalt\/leistungen\/private-steuerberatung\/\",\"name\":\"Privatpersonen - Steuerberatung Mandy Else\",\"isPartOf\":{\"@id\":\"https:\/\/steuerkanzlei-leipzig.com\/inhalt\/#website\"},\"datePublished\":\"2015-10-29T13:57:38+00:00\",\"dateModified\":\"2018-06-28T09:13:42+00:00\",\"breadcrumb\":{\"@id\":\"https:\/\/steuerkanzlei-leipzig.com\/inhalt\/leistungen\/private-steuerberatung\/#breadcrumb\"},\"inLanguage\":\"de\",\"potentialAction\":[{\"@type\":\"ReadAction\",\"target\":[\"https:\/\/steuerkanzlei-leipzig.com\/inhalt\/leistungen\/private-steuerberatung\/\"]}]},{\"@type\":\"BreadcrumbList\",\"@id\":\"https:\/\/steuerkanzlei-leipzig.com\/inhalt\/leistungen\/private-steuerberatung\/#breadcrumb\",\"itemListElement\":[{\"@type\":\"ListItem\",\"position\":1,\"name\":\"Startseite\",\"item\":\"https:\/\/steuerkanzlei-leipzig.com\/inhalt\/\"},{\"@type\":\"ListItem\",\"position\":2,\"name\":\"Leistungen\",\"item\":\"https:\/\/steuerkanzlei-leipzig.com\/inhalt\/leistungen\/\"},{\"@type\":\"ListItem\",\"position\":3,\"name\":\"Privatpersonen\"}]},{\"@type\":\"WebSite\",\"@id\":\"https:\/\/steuerkanzlei-leipzig.com\/inhalt\/#website\",\"url\":\"https:\/\/steuerkanzlei-leipzig.com\/inhalt\/\",\"name\":\"Steuerberatung Mandy Else\",\"description\":\"Ihre Steuerberatung in Leipzig \/ Sachsen\",\"publisher\":{\"@id\":\"https:\/\/steuerkanzlei-leipzig.com\/inhalt\/#organization\"},\"potentialAction\":[{\"@type\":\"SearchAction\",\"target\":{\"@type\":\"EntryPoint\",\"urlTemplate\":\"https:\/\/steuerkanzlei-leipzig.com\/inhalt\/?s={search_term_string}\"},\"query-input\":{\"@type\":\"PropertyValueSpecification\",\"valueRequired\":true,\"valueName\":\"search_term_string\"}}],\"inLanguage\":\"de\"},{\"@type\":\"Organization\",\"@id\":\"https:\/\/steuerkanzlei-leipzig.com\/inhalt\/#organization\",\"name\":\"Steuerberatung Mandy Else\",\"url\":\"https:\/\/steuerkanzlei-leipzig.com\/inhalt\/\",\"logo\":{\"@type\":\"ImageObject\",\"inLanguage\":\"de\",\"@id\":\"https:\/\/steuerkanzlei-leipzig.com\/inhalt\/#\/schema\/logo\/image\/\",\"url\":\"https:\/\/steuerkanzlei-leipzig.com\/inhalt\/wp-content\/uploads\/2015\/05\/Leipzig-Steuerberatung-Logo.jpg\",\"contentUrl\":\"https:\/\/steuerkanzlei-leipzig.com\/inhalt\/wp-content\/uploads\/2015\/05\/Leipzig-Steuerberatung-Logo.jpg\",\"width\":600,\"height\":400,\"caption\":\"Steuerberatung Mandy Else\"},\"image\":{\"@id\":\"https:\/\/steuerkanzlei-leipzig.com\/inhalt\/#\/schema\/logo\/image\/\"}}]}<\/script>\n<!-- \/ Yoast SEO plugin. -->","yoast_head_json":{"title":"Privatpersonen - Steuerberatung Mandy Else","robots":{"index":"index","follow":"follow","max-snippet":"max-snippet:-1","max-image-preview":"max-image-preview:large","max-video-preview":"max-video-preview:-1"},"canonical":"https:\/\/steuerkanzlei-leipzig.com\/inhalt\/leistungen\/private-steuerberatung\/","og_locale":"de_DE","og_type":"article","og_title":"Privatpersonen - Steuerberatung Mandy Else","og_url":"https:\/\/steuerkanzlei-leipzig.com\/inhalt\/leistungen\/private-steuerberatung\/","og_site_name":"Steuerberatung Mandy Else","article_modified_time":"2018-06-28T09:13:42+00:00","twitter_card":"summary_large_image","twitter_misc":{"Gesch\u00e4tzte Lesezeit":"4\u00a0Minuten"},"schema":{"@context":"https:\/\/schema.org","@graph":[{"@type":"WebPage","@id":"https:\/\/steuerkanzlei-leipzig.com\/inhalt\/leistungen\/private-steuerberatung\/","url":"https:\/\/steuerkanzlei-leipzig.com\/inhalt\/leistungen\/private-steuerberatung\/","name":"Privatpersonen - Steuerberatung Mandy Else","isPartOf":{"@id":"https:\/\/steuerkanzlei-leipzig.com\/inhalt\/#website"},"datePublished":"2015-10-29T13:57:38+00:00","dateModified":"2018-06-28T09:13:42+00:00","breadcrumb":{"@id":"https:\/\/steuerkanzlei-leipzig.com\/inhalt\/leistungen\/private-steuerberatung\/#breadcrumb"},"inLanguage":"de","potentialAction":[{"@type":"ReadAction","target":["https:\/\/steuerkanzlei-leipzig.com\/inhalt\/leistungen\/private-steuerberatung\/"]}]},{"@type":"BreadcrumbList","@id":"https:\/\/steuerkanzlei-leipzig.com\/inhalt\/leistungen\/private-steuerberatung\/#breadcrumb","itemListElement":[{"@type":"ListItem","position":1,"name":"Startseite","item":"https:\/\/steuerkanzlei-leipzig.com\/inhalt\/"},{"@type":"ListItem","position":2,"name":"Leistungen","item":"https:\/\/steuerkanzlei-leipzig.com\/inhalt\/leistungen\/"},{"@type":"ListItem","position":3,"name":"Privatpersonen"}]},{"@type":"WebSite","@id":"https:\/\/steuerkanzlei-leipzig.com\/inhalt\/#website","url":"https:\/\/steuerkanzlei-leipzig.com\/inhalt\/","name":"Steuerberatung Mandy Else","description":"Ihre Steuerberatung in Leipzig \/ Sachsen","publisher":{"@id":"https:\/\/steuerkanzlei-leipzig.com\/inhalt\/#organization"},"potentialAction":[{"@type":"SearchAction","target":{"@type":"EntryPoint","urlTemplate":"https:\/\/steuerkanzlei-leipzig.com\/inhalt\/?s={search_term_string}"},"query-input":{"@type":"PropertyValueSpecification","valueRequired":true,"valueName":"search_term_string"}}],"inLanguage":"de"},{"@type":"Organization","@id":"https:\/\/steuerkanzlei-leipzig.com\/inhalt\/#organization","name":"Steuerberatung Mandy Else","url":"https:\/\/steuerkanzlei-leipzig.com\/inhalt\/","logo":{"@type":"ImageObject","inLanguage":"de","@id":"https:\/\/steuerkanzlei-leipzig.com\/inhalt\/#\/schema\/logo\/image\/","url":"https:\/\/steuerkanzlei-leipzig.com\/inhalt\/wp-content\/uploads\/2015\/05\/Leipzig-Steuerberatung-Logo.jpg","contentUrl":"https:\/\/steuerkanzlei-leipzig.com\/inhalt\/wp-content\/uploads\/2015\/05\/Leipzig-Steuerberatung-Logo.jpg","width":600,"height":400,"caption":"Steuerberatung Mandy Else"},"image":{"@id":"https:\/\/steuerkanzlei-leipzig.com\/inhalt\/#\/schema\/logo\/image\/"}}]}},"_links":{"self":[{"href":"https:\/\/steuerkanzlei-leipzig.com\/inhalt\/wp-json\/wp\/v2\/pages\/705","targetHints":{"allow":["GET"]}}],"collection":[{"href":"https:\/\/steuerkanzlei-leipzig.com\/inhalt\/wp-json\/wp\/v2\/pages"}],"about":[{"href":"https:\/\/steuerkanzlei-leipzig.com\/inhalt\/wp-json\/wp\/v2\/types\/page"}],"author":[{"embeddable":true,"href":"https:\/\/steuerkanzlei-leipzig.com\/inhalt\/wp-json\/wp\/v2\/users\/1"}],"replies":[{"embeddable":true,"href":"https:\/\/steuerkanzlei-leipzig.com\/inhalt\/wp-json\/wp\/v2\/comments?post=705"}],"version-history":[{"count":20,"href":"https:\/\/steuerkanzlei-leipzig.com\/inhalt\/wp-json\/wp\/v2\/pages\/705\/revisions"}],"predecessor-version":[{"id":1758,"href":"https:\/\/steuerkanzlei-leipzig.com\/inhalt\/wp-json\/wp\/v2\/pages\/705\/revisions\/1758"}],"up":[{"embeddable":true,"href":"https:\/\/steuerkanzlei-leipzig.com\/inhalt\/wp-json\/wp\/v2\/pages\/519"}],"wp:attachment":[{"href":"https:\/\/steuerkanzlei-leipzig.com\/inhalt\/wp-json\/wp\/v2\/media?parent=705"}],"curies":[{"name":"wp","href":"https:\/\/api.w.org\/{rel}","templated":true}]}}