{"id":627,"date":"2015-10-20T14:29:02","date_gmt":"2015-10-20T12:29:02","guid":{"rendered":"http:\/\/steuerkanzlei-leipzig.com\/inhalt\/?page_id=627"},"modified":"2026-01-13T13:34:48","modified_gmt":"2026-01-13T12:34:48","slug":"impressum","status":"publish","type":"page","link":"https:\/\/steuerkanzlei-leipzig.com\/inhalt\/impressum\/","title":{"rendered":"Impressum"},"content":{"rendered":"\n<style type=\"text\/css\" data-created_by=\"avia_inline_auto\" id=\"style-css-av-1ak9e3-5043d8c23fea92c19da32600be101b1f\">\n.avia-section.av-1ak9e3-5043d8c23fea92c19da32600be101b1f{\nbackground-repeat:no-repeat;\nbackground-image:url(https:\/\/steuerkanzlei-leipzig.com\/inhalt\/wp-content\/uploads\/2014\/08\/Fotolia_43044026_S.jpg);\nbackground-position:50% 50%;\nbackground-attachment:scroll;\n}\n.avia-section.av-1ak9e3-5043d8c23fea92c19da32600be101b1f .av-section-color-overlay{\nopacity:0.2;\nbackground-color:#000000;\n}\n<\/style>\n<div id='av_section_1'  class='avia-section av-1ak9e3-5043d8c23fea92c19da32600be101b1f main_color avia-section-large avia-no-shadow  avia-builder-el-0  el_before_av_section  avia-builder-el-first  avia-full-stretch avia-bg-style-scroll av-section-color-overlay-active container_wrap sidebar_right'  data-section-bg-repeat='stretch'><div class=\"av-section-color-overlay-wrap\"><div class=\"av-section-color-overlay\"><\/div><div class='container av-section-cont-open' ><main  role=\"main\" itemprop=\"mainContentOfPage\"  class='template-page content  av-content-small alpha units'><div class='post-entry post-entry-type-page post-entry-627'><div class='entry-content-wrapper clearfix'>\n\n<style type=\"text\/css\" data-created_by=\"avia_inline_auto\" id=\"style-css-av-jiybvb79-c3bb25e7a409947b8645f289416adb7b\">\n#top .av-special-heading.av-jiybvb79-c3bb25e7a409947b8645f289416adb7b{\npadding-bottom:0;\ncolor:#ffffff;\nfont-size:50px;\n}\nbody .av-special-heading.av-jiybvb79-c3bb25e7a409947b8645f289416adb7b .av-special-heading-tag .heading-char{\nfont-size:25px;\n}\n#top #wrap_all .av-special-heading.av-jiybvb79-c3bb25e7a409947b8645f289416adb7b .av-special-heading-tag{\nfont-size:50px;\n}\n.av-special-heading.av-jiybvb79-c3bb25e7a409947b8645f289416adb7b .special-heading-inner-border{\nborder-color:#ffffff;\n}\n.av-special-heading.av-jiybvb79-c3bb25e7a409947b8645f289416adb7b .av-subheading{\nfont-size:15px;\n}\n\n@media only screen and (min-width: 480px) and (max-width: 767px){ \n#top #wrap_all .av-special-heading.av-jiybvb79-c3bb25e7a409947b8645f289416adb7b .av-special-heading-tag{\nfont-size:0.8em;\n}\n}\n\n@media only screen and (max-width: 479px){ \n#top #wrap_all .av-special-heading.av-jiybvb79-c3bb25e7a409947b8645f289416adb7b .av-special-heading-tag{\nfont-size:0.8em;\n}\n}\n<\/style>\n<div  class='av-special-heading av-jiybvb79-c3bb25e7a409947b8645f289416adb7b av-special-heading-h1 custom-color-heading blockquote modern-quote modern-centered  avia-builder-el-1  el_before_av_hr  avia-builder-el-first  av-inherit-size'><h1 class='av-special-heading-tag '  itemprop=\"headline\"  >Impressum<\/h1><div class=\"special-heading-border\"><div class=\"special-heading-inner-border\"><\/div><\/div><\/div>\n\n<style type=\"text\/css\" data-created_by=\"avia_inline_auto\" id=\"style-css-av-wlxab-8510b81df6ee8dbf151fc2db8a7b5b1b\">\n#top .hr.av-wlxab-8510b81df6ee8dbf151fc2db8a7b5b1b{\nmargin-top:30px;\nmargin-bottom:30px;\n}\n.hr.av-wlxab-8510b81df6ee8dbf151fc2db8a7b5b1b .hr-inner{\nwidth:20%;\nborder-color:rgba(255,255,255,0.76);\nmax-width:45%;\n}\n.hr.av-wlxab-8510b81df6ee8dbf151fc2db8a7b5b1b .av-seperator-icon{\ncolor:#ffffff;\n}\n.hr.av-wlxab-8510b81df6ee8dbf151fc2db8a7b5b1b .av-seperator-icon.avia-svg-icon svg:first-child{\nfill:#ffffff;\nstroke:#ffffff;\n}\n<\/style>\n<div  class='hr av-wlxab-8510b81df6ee8dbf151fc2db8a7b5b1b hr-custom  avia-builder-el-2  el_after_av_heading  avia-builder-el-last  hr-center hr-icon-yes'><span class='hr-inner inner-border-av-border-thin'><span class=\"hr-inner-style\"><\/span><\/span><span class='av-seperator-icon avia-iconfont avia-font-entypo-fontello' data-av_icon='\ue8bf' data-av_iconfont='entypo-fontello' ><\/span><span class='hr-inner inner-border-av-border-thin'><span class=\"hr-inner-style\"><\/span><\/span><\/div>\n\n<\/div><\/div><\/main><!-- close content main element --><\/div><\/div><\/div><div id='av_section_2'  class='avia-section av-2h6cz-af66c911eca01dc70de74149624fa12f main_color avia-section-small avia-no-border-styling  avia-builder-el-3  el_after_av_section  avia-builder-el-last  avia-bg-style-fixed container_wrap sidebar_right'  ><div class='container av-section-cont-open' ><div class='template-page content  av-content-small alpha units'><div class='post-entry post-entry-type-page post-entry-627'><div class='entry-content-wrapper clearfix'>\n<div class='flex_column_table av-nikkb-816d295dd52b9bf16429b45d68b90970 sc-av_one_full av-equal-height-column-flextable'>\n<style type=\"text\/css\" data-created_by=\"avia_inline_auto\" id=\"style-css-av-nikkb-816d295dd52b9bf16429b45d68b90970\">\n#top .flex_column_table.av-equal-height-column-flextable.av-nikkb-816d295dd52b9bf16429b45d68b90970{\nmargin-top:-60px;\nmargin-bottom:0px;\n}\n.flex_column.av-nikkb-816d295dd52b9bf16429b45d68b90970{\nborder-radius:0px 0px 0px 0px;\npadding:30px 30px 30px 30px;\nbackground-color:#ffffff;\n}\n<\/style>\n<div  class='flex_column av-nikkb-816d295dd52b9bf16429b45d68b90970 av_one_full  avia-builder-el-4  avia-builder-el-no-sibling  first no_margin flex_column_table_cell av-equal-height-column av-align-top  '     ><p>\n<style type=\"text\/css\" data-created_by=\"avia_inline_auto\" id=\"style-css-av-8t3lv-017c4896a78d342045468ce674c5d598\">\n#top .av-special-heading.av-8t3lv-017c4896a78d342045468ce674c5d598{\npadding-bottom:0;\nfont-size:30px;\n}\nbody .av-special-heading.av-8t3lv-017c4896a78d342045468ce674c5d598 .av-special-heading-tag .heading-char{\nfont-size:25px;\n}\n#top #wrap_all .av-special-heading.av-8t3lv-017c4896a78d342045468ce674c5d598 .av-special-heading-tag{\nfont-size:30px;\n}\n.av-special-heading.av-8t3lv-017c4896a78d342045468ce674c5d598 .av-subheading{\nfont-size:15px;\n}\n\n@media only screen and (min-width: 480px) and (max-width: 767px){ \n#top #wrap_all .av-special-heading.av-8t3lv-017c4896a78d342045468ce674c5d598 .av-special-heading-tag{\nfont-size:0.8em;\n}\n}\n\n@media only screen and (max-width: 479px){ \n#top #wrap_all .av-special-heading.av-8t3lv-017c4896a78d342045468ce674c5d598 .av-special-heading-tag{\nfont-size:0.8em;\n}\n}\n<\/style>\n<div  class='av-special-heading av-8t3lv-017c4896a78d342045468ce674c5d598 av-special-heading-h3 blockquote modern-quote  avia-builder-el-5  el_before_av_textblock  avia-builder-el-first  av-inherit-size'><h3 class='av-special-heading-tag '  itemprop=\"headline\"  >Impressum<\/h3><div class=\"special-heading-border\"><div class=\"special-heading-inner-border\"><\/div><\/div><\/div><br \/>\n<section  class='av_textblock_section av-9bt7v-6dc11487a56698228387bbbeb018caaf '   itemscope=\"itemscope\" itemtype=\"https:\/\/schema.org\/CreativeWork\" ><div class='avia_textblock'  itemprop=\"text\" ><p>Steuerberatung Mandy Else<br \/>\nSteuerberaterin<br \/>\nBahnhofstr. 19<br \/>\n04435 Schkeuditz<\/p>\n<p>E-mail: <a href=\"mailto:m.else@else-steuerberatung.de\">m.else@else-steuerberatung.de<\/a><br \/>\nTelefon: 034204\/ 62 524<br \/>\nTelefax : 034204\/ 62 528<br \/>\n<a href=\"http:\/\/www.else-steuerberatung.de\">www.else-steuerberatung.de<\/a><\/p>\n<p>Vertretungsberechtigt gem\u00e4\u00df \u00a7 6 Nr. 1 TMG<\/p>\n<p><strong>Berufsbezeichnungen<\/strong><br \/>\nDie gesetzliche Berufsbezeichnung \u203aSteuerberaterin\u2039 wurde in Deutschland verliehen. Die in der Kanzlei t\u00e4tigen Mitarbeiter sind &#8211; soweit sie die Berufsbezeichnung \u203aSteuerberater\/in\u2039 tragen &#8211; Mitglieder der folgenden Steuerberaterkammer, die als Aufsichtsbeh\u00f6rde f\u00fcr sie zust\u00e4ndig ist:<\/p>\n<p>Steuerberaterkammer des Freistaates Sachsen<br \/>\nEmil-Fuchs-Stra\u00dfe 2<br \/>\n04105 Leipzig<br \/>\nTel. 0341\/56336-0<br \/>\nFax: 0341\/56336-20<br \/>\n<a href=\"http:\/\/www.sbk-sachsen.de\">http:\/\/www.sbk-sachsen.de<\/a><\/p>\n<p>Unsere berufsrechtlichen Regelungen finden sich im Steuerberatungsgesetz (StBerG), in den Durchf\u00fchrungsverordnungen zum Steuerberatungsgesetz (DVStB), in der Berufsordnung f\u00fcr Steuerberater (BOStB) sowie in der Steuerberaterverg\u00fctungsverordnung (StBVV). Diese Regelungen finden Sie u.a. \u00fcber die Homepage der Bundessteuerberaterkammer http:\/\/www.bstbk.de<\/p>\n<p><strong>R\u00e4umlicher Geltungsbereich:<\/strong><br \/>\nMitgliedsstaaten der Europ\u00e4ischen Union Gerichtsstand: 04319 Leipzig<\/p>\n<h1>Haftungsausschluss (Disclaimer)<\/h1>\n<p><strong>Haftung f\u00fcr Inhalte<\/strong><\/p>\n<p>Als Diensteanbieter sind wir gem\u00e4\u00df \u00a7 7 Abs.1 TMG f\u00fcr eigene Inhalte auf diesen Seiten nach den allgemeinen Gesetzen verantwortlich. Nach \u00a7\u00a7 8 bis 10 TMG sind wir als Diensteanbieter jedoch nicht verpflichtet, \u00fcbermittelte oder gespeicherte fremde Informationen zu \u00fcberwachen oder nach Umst\u00e4nden zu forschen, die auf eine rechtswidrige T\u00e4tigkeit hinweisen.<\/p>\n<p>Verpflichtungen zur Entfernung oder Sperrung der Nutzung von Informationen nach den allgemeinen Gesetzen bleiben hiervon unber\u00fchrt. Eine diesbez\u00fcgliche Haftung ist jedoch erst ab dem Zeitpunkt der Kenntnis einer konkreten Rechtsverletzung m\u00f6glich. Bei Bekanntwerden von entsprechenden Rechtsverletzungen werden wir diese Inhalte umgehend entfernen.<\/p>\n<p><strong>Haftung f\u00fcr Links<\/strong><\/p>\n<p>Unser Angebot enth\u00e4lt Links zu externen Webseiten Dritter, auf deren Inhalte wir keinen Einfluss haben. Deshalb k\u00f6nnen wir f\u00fcr diese fremden Inhalte auch keine Gew\u00e4hr \u00fcbernehmen. F\u00fcr die Inhalte der verlinkten Seiten ist stets der jeweilige Anbieter oder Betreiber der Seiten verantwortlich. Die verlinkten Seiten wurden zum Zeitpunkt der Verlinkung auf m\u00f6gliche Rechtsverst\u00f6\u00dfe \u00fcberpr\u00fcft. Rechtswidrige Inhalte waren zum Zeitpunkt der Verlinkung nicht erkennbar.<\/p>\n<p>Eine permanente inhaltliche Kontrolle der verlinkten Seiten ist jedoch ohne konkrete Anhaltspunkte einer Rechtsverletzung nicht zumutbar. Bei Bekanntwerden von Rechtsverletzungen werden wir derartige Links umgehend entfernen.<\/p>\n<p><strong>Urheberrecht<\/strong><\/p>\n<p>Die durch die Seitenbetreiber erstellten Inhalte und Werke auf diesen Seiten unterliegen dem deutschen Urheberrecht. Die Vervielf\u00e4ltigung, Bearbeitung, Verbreitung und jede Art der Verwertung au\u00dferhalb der Grenzen des Urheberrechtes bed\u00fcrfen der schriftlichen Zustimmung des jeweiligen Autors bzw. Erstellers. Downloads und Kopien dieser Seite sind nur f\u00fcr den privaten, nicht kommerziellen Gebrauch gestattet.<\/p>\n<p>Soweit die Inhalte auf dieser Seite nicht vom Betreiber erstellt wurden, werden die Urheberrechte Dritter beachtet. Insbesondere werden Inhalte Dritter als solche gekennzeichnet. Sollten Sie trotzdem auf eine Urheberrechtsverletzung aufmerksam werden, bitten wir um einen entsprechenden Hinweis. Bei Bekanntwerden von Rechtsverletzungen werden wir derartige Inhalte umgehend entfernen.<\/p>\n<h1>Homepage-Realisierung<\/h1>\n<p>designplanung reiprich | Werbeagentur<br \/>\nAltenburger Stra\u00dfe 13<br \/>\n04275 Leipzig<br \/>\nHomepage: <a href=\"http:\/\/www.designplanung.com\">www.designplanung.com<\/a><br \/>\nEventmodule: <a href=\"https:\/\/tourbahn.de\/\" target=\"_blank\" rel=\"noopener\">Rennbahnen<\/a> &amp; <a href=\"https:\/\/tourbahn.de\/rennsimulator-fahrsimulator-mieten\" target=\"_blank\" rel=\"noopener\">Rennsimulatoren<\/a>| <a href=\"https:\/\/miximo.de\/\" target=\"_blank\" rel=\"noopener\">Cocktailbars<\/a> | <a href=\"https:\/\/hochzeitsauto-leipzig.com\/\" target=\"_blank\" rel=\"noopener\">Oldtimer<\/a> | <a href=\"https:\/\/glitzerbus.de\/\" target=\"_blank\" rel=\"noopener\">Fotobus<\/a><\/p>\n<p><strong>Bildnachweise:<\/strong><\/p>\n<p>Bild Leipzig Leistungen: <span class=\"text_exposed_show\">Marcel Schauer, <a href=\"http:\/\/fotolia.com\/\" target=\"_blank\" rel=\"nofollow nofollow noopener\">fotolia.com<\/a><\/span><\/p>\n<\/div><\/section><\/p><\/div><\/div><!--close column table wrapper. Autoclose: 1 --><\/div><\/div><\/div><!-- close content main div --><\/div><\/div><div id='after_section_2'  class='main_color av_default_container_wrap container_wrap sidebar_right'  ><div class='container av-section-cont-open' ><div class='template-page content  av-content-small alpha units'><div class='post-entry post-entry-type-page post-entry-627'><div class='entry-content-wrapper clearfix'>\n","protected":false},"excerpt":{"rendered":"","protected":false},"author":1,"featured_media":0,"parent":0,"menu_order":0,"comment_status":"closed","ping_status":"closed","template":"","meta":{"footnotes":""},"class_list":["post-627","page","type-page","status-publish","hentry"],"yoast_head":"<!-- This site is optimized with the Yoast SEO plugin v26.7 - https:\/\/yoast.com\/wordpress\/plugins\/seo\/ -->\n<title>Impressum - Steuerberatung Mandy Else<\/title>\n<meta name=\"robots\" content=\"index, follow, max-snippet:-1, max-image-preview:large, max-video-preview:-1\" \/>\n<link rel=\"canonical\" href=\"https:\/\/steuerkanzlei-leipzig.com\/inhalt\/impressum\/\" \/>\n<meta property=\"og:locale\" content=\"de_DE\" \/>\n<meta property=\"og:type\" content=\"article\" \/>\n<meta property=\"og:title\" content=\"Impressum - Steuerberatung Mandy Else\" \/>\n<meta property=\"og:url\" content=\"https:\/\/steuerkanzlei-leipzig.com\/inhalt\/impressum\/\" \/>\n<meta property=\"og:site_name\" content=\"Steuerberatung Mandy Else\" \/>\n<meta property=\"article:modified_time\" content=\"2026-01-13T12:34:48+00:00\" \/>\n<meta name=\"twitter:card\" content=\"summary_large_image\" \/>\n<meta name=\"twitter:label1\" content=\"Gesch\u00e4tzte Lesezeit\" \/>\n\t<meta name=\"twitter:data1\" content=\"3\u00a0Minuten\" \/>\n<script type=\"application\/ld+json\" class=\"yoast-schema-graph\">{\"@context\":\"https:\/\/schema.org\",\"@graph\":[{\"@type\":\"WebPage\",\"@id\":\"https:\/\/steuerkanzlei-leipzig.com\/inhalt\/impressum\/\",\"url\":\"https:\/\/steuerkanzlei-leipzig.com\/inhalt\/impressum\/\",\"name\":\"Impressum - Steuerberatung Mandy Else\",\"isPartOf\":{\"@id\":\"https:\/\/steuerkanzlei-leipzig.com\/inhalt\/#website\"},\"datePublished\":\"2015-10-20T12:29:02+00:00\",\"dateModified\":\"2026-01-13T12:34:48+00:00\",\"breadcrumb\":{\"@id\":\"https:\/\/steuerkanzlei-leipzig.com\/inhalt\/impressum\/#breadcrumb\"},\"inLanguage\":\"de\",\"potentialAction\":[{\"@type\":\"ReadAction\",\"target\":[\"https:\/\/steuerkanzlei-leipzig.com\/inhalt\/impressum\/\"]}]},{\"@type\":\"BreadcrumbList\",\"@id\":\"https:\/\/steuerkanzlei-leipzig.com\/inhalt\/impressum\/#breadcrumb\",\"itemListElement\":[{\"@type\":\"ListItem\",\"position\":1,\"name\":\"Startseite\",\"item\":\"https:\/\/steuerkanzlei-leipzig.com\/inhalt\/\"},{\"@type\":\"ListItem\",\"position\":2,\"name\":\"Impressum\"}]},{\"@type\":\"WebSite\",\"@id\":\"https:\/\/steuerkanzlei-leipzig.com\/inhalt\/#website\",\"url\":\"https:\/\/steuerkanzlei-leipzig.com\/inhalt\/\",\"name\":\"Steuerberatung Mandy Else\",\"description\":\"Ihre Steuerberatung in Leipzig \/ Sachsen\",\"publisher\":{\"@id\":\"https:\/\/steuerkanzlei-leipzig.com\/inhalt\/#organization\"},\"potentialAction\":[{\"@type\":\"SearchAction\",\"target\":{\"@type\":\"EntryPoint\",\"urlTemplate\":\"https:\/\/steuerkanzlei-leipzig.com\/inhalt\/?s={search_term_string}\"},\"query-input\":{\"@type\":\"PropertyValueSpecification\",\"valueRequired\":true,\"valueName\":\"search_term_string\"}}],\"inLanguage\":\"de\"},{\"@type\":\"Organization\",\"@id\":\"https:\/\/steuerkanzlei-leipzig.com\/inhalt\/#organization\",\"name\":\"Steuerberatung Mandy Else\",\"url\":\"https:\/\/steuerkanzlei-leipzig.com\/inhalt\/\",\"logo\":{\"@type\":\"ImageObject\",\"inLanguage\":\"de\",\"@id\":\"https:\/\/steuerkanzlei-leipzig.com\/inhalt\/#\/schema\/logo\/image\/\",\"url\":\"https:\/\/steuerkanzlei-leipzig.com\/inhalt\/wp-content\/uploads\/2015\/05\/Leipzig-Steuerberatung-Logo.jpg\",\"contentUrl\":\"https:\/\/steuerkanzlei-leipzig.com\/inhalt\/wp-content\/uploads\/2015\/05\/Leipzig-Steuerberatung-Logo.jpg\",\"width\":600,\"height\":400,\"caption\":\"Steuerberatung Mandy Else\"},\"image\":{\"@id\":\"https:\/\/steuerkanzlei-leipzig.com\/inhalt\/#\/schema\/logo\/image\/\"}}]}<\/script>\n<!-- \/ Yoast SEO plugin. -->","yoast_head_json":{"title":"Impressum - Steuerberatung Mandy Else","robots":{"index":"index","follow":"follow","max-snippet":"max-snippet:-1","max-image-preview":"max-image-preview:large","max-video-preview":"max-video-preview:-1"},"canonical":"https:\/\/steuerkanzlei-leipzig.com\/inhalt\/impressum\/","og_locale":"de_DE","og_type":"article","og_title":"Impressum - Steuerberatung Mandy Else","og_url":"https:\/\/steuerkanzlei-leipzig.com\/inhalt\/impressum\/","og_site_name":"Steuerberatung Mandy Else","article_modified_time":"2026-01-13T12:34:48+00:00","twitter_card":"summary_large_image","twitter_misc":{"Gesch\u00e4tzte Lesezeit":"3\u00a0Minuten"},"schema":{"@context":"https:\/\/schema.org","@graph":[{"@type":"WebPage","@id":"https:\/\/steuerkanzlei-leipzig.com\/inhalt\/impressum\/","url":"https:\/\/steuerkanzlei-leipzig.com\/inhalt\/impressum\/","name":"Impressum - Steuerberatung Mandy Else","isPartOf":{"@id":"https:\/\/steuerkanzlei-leipzig.com\/inhalt\/#website"},"datePublished":"2015-10-20T12:29:02+00:00","dateModified":"2026-01-13T12:34:48+00:00","breadcrumb":{"@id":"https:\/\/steuerkanzlei-leipzig.com\/inhalt\/impressum\/#breadcrumb"},"inLanguage":"de","potentialAction":[{"@type":"ReadAction","target":["https:\/\/steuerkanzlei-leipzig.com\/inhalt\/impressum\/"]}]},{"@type":"BreadcrumbList","@id":"https:\/\/steuerkanzlei-leipzig.com\/inhalt\/impressum\/#breadcrumb","itemListElement":[{"@type":"ListItem","position":1,"name":"Startseite","item":"https:\/\/steuerkanzlei-leipzig.com\/inhalt\/"},{"@type":"ListItem","position":2,"name":"Impressum"}]},{"@type":"WebSite","@id":"https:\/\/steuerkanzlei-leipzig.com\/inhalt\/#website","url":"https:\/\/steuerkanzlei-leipzig.com\/inhalt\/","name":"Steuerberatung Mandy Else","description":"Ihre Steuerberatung in Leipzig \/ Sachsen","publisher":{"@id":"https:\/\/steuerkanzlei-leipzig.com\/inhalt\/#organization"},"potentialAction":[{"@type":"SearchAction","target":{"@type":"EntryPoint","urlTemplate":"https:\/\/steuerkanzlei-leipzig.com\/inhalt\/?s={search_term_string}"},"query-input":{"@type":"PropertyValueSpecification","valueRequired":true,"valueName":"search_term_string"}}],"inLanguage":"de"},{"@type":"Organization","@id":"https:\/\/steuerkanzlei-leipzig.com\/inhalt\/#organization","name":"Steuerberatung Mandy Else","url":"https:\/\/steuerkanzlei-leipzig.com\/inhalt\/","logo":{"@type":"ImageObject","inLanguage":"de","@id":"https:\/\/steuerkanzlei-leipzig.com\/inhalt\/#\/schema\/logo\/image\/","url":"https:\/\/steuerkanzlei-leipzig.com\/inhalt\/wp-content\/uploads\/2015\/05\/Leipzig-Steuerberatung-Logo.jpg","contentUrl":"https:\/\/steuerkanzlei-leipzig.com\/inhalt\/wp-content\/uploads\/2015\/05\/Leipzig-Steuerberatung-Logo.jpg","width":600,"height":400,"caption":"Steuerberatung Mandy Else"},"image":{"@id":"https:\/\/steuerkanzlei-leipzig.com\/inhalt\/#\/schema\/logo\/image\/"}}]}},"_links":{"self":[{"href":"https:\/\/steuerkanzlei-leipzig.com\/inhalt\/wp-json\/wp\/v2\/pages\/627","targetHints":{"allow":["GET"]}}],"collection":[{"href":"https:\/\/steuerkanzlei-leipzig.com\/inhalt\/wp-json\/wp\/v2\/pages"}],"about":[{"href":"https:\/\/steuerkanzlei-leipzig.com\/inhalt\/wp-json\/wp\/v2\/types\/page"}],"author":[{"embeddable":true,"href":"https:\/\/steuerkanzlei-leipzig.com\/inhalt\/wp-json\/wp\/v2\/users\/1"}],"replies":[{"embeddable":true,"href":"https:\/\/steuerkanzlei-leipzig.com\/inhalt\/wp-json\/wp\/v2\/comments?post=627"}],"version-history":[{"count":19,"href":"https:\/\/steuerkanzlei-leipzig.com\/inhalt\/wp-json\/wp\/v2\/pages\/627\/revisions"}],"predecessor-version":[{"id":2006,"href":"https:\/\/steuerkanzlei-leipzig.com\/inhalt\/wp-json\/wp\/v2\/pages\/627\/revisions\/2006"}],"wp:attachment":[{"href":"https:\/\/steuerkanzlei-leipzig.com\/inhalt\/wp-json\/wp\/v2\/media?parent=627"}],"curies":[{"name":"wp","href":"https:\/\/api.w.org\/{rel}","templated":true}]}}