{"id":544,"date":"2015-10-16T14:17:07","date_gmt":"2015-10-16T12:17:07","guid":{"rendered":"http:\/\/steuerkanzlei-leipzig.com\/inhalt\/?page_id=544"},"modified":"2018-06-28T11:18:48","modified_gmt":"2018-06-28T09:18:48","slug":"ihr-berater","status":"publish","type":"page","link":"https:\/\/steuerkanzlei-leipzig.com\/inhalt\/about\/ihr-berater\/","title":{"rendered":"Ihr Berater"},"content":{"rendered":"\n<style type=\"text\/css\" data-created_by=\"avia_inline_auto\" id=\"style-css-av-37v6gg-24963f1e4068f0b2d4fa7193c2cfcdf6\">\n.avia-section.av-37v6gg-24963f1e4068f0b2d4fa7193c2cfcdf6 .av-parallax .av-parallax-inner{\nbackground-repeat:no-repeat;\nbackground-image:url(https:\/\/steuerkanzlei-leipzig.com\/inhalt\/wp-content\/uploads\/2015\/10\/IMG_1496-1030x687.jpg);\nbackground-position:50% 100%;\nbackground-attachment:scroll;\n}\n.avia-section.av-37v6gg-24963f1e4068f0b2d4fa7193c2cfcdf6 .av-section-color-overlay{\nopacity:0.2;\nbackground-color:#000000;\n}\n<\/style>\n<div id='av_section_1'  class='avia-section av-37v6gg-24963f1e4068f0b2d4fa7193c2cfcdf6 main_color avia-section-large avia-no-shadow  avia-builder-el-0  el_before_av_section  avia-builder-el-first  avia-full-stretch av-parallax-section avia-bg-style-parallax av-section-color-overlay-active container_wrap sidebar_right'  data-section-bg-repeat='stretch'><div class='av-parallax' data-avia-parallax-ratio='0.3' ><div class='av-parallax-inner main_color avia-full-stretch'><\/div><\/div><div class=\"av-section-color-overlay-wrap\"><div class=\"av-section-color-overlay\"><\/div><div class='container av-section-cont-open' ><main  role=\"main\" itemprop=\"mainContentOfPage\"  class='template-page content  av-content-small alpha units'><div class='post-entry post-entry-type-page post-entry-544'><div class='entry-content-wrapper clearfix'>\n\n<style type=\"text\/css\" data-created_by=\"avia_inline_auto\" id=\"style-css-av-jiyc6wbj-01185839311e823ff9f80b15bc531c23\">\n#top .av-special-heading.av-jiyc6wbj-01185839311e823ff9f80b15bc531c23{\npadding-bottom:15px;\ncolor:#ffffff;\nfont-size:50px;\n}\nbody .av-special-heading.av-jiyc6wbj-01185839311e823ff9f80b15bc531c23 .av-special-heading-tag .heading-char{\nfont-size:25px;\n}\n#top #wrap_all .av-special-heading.av-jiyc6wbj-01185839311e823ff9f80b15bc531c23 .av-special-heading-tag{\nfont-size:50px;\n}\n.av-special-heading.av-jiyc6wbj-01185839311e823ff9f80b15bc531c23 .special-heading-inner-border{\nborder-color:#ffffff;\n}\n.av-special-heading.av-jiyc6wbj-01185839311e823ff9f80b15bc531c23 .av-subheading{\nfont-size:15px;\n}\n\n@media only screen and (min-width: 480px) and (max-width: 767px){ \n#top #wrap_all .av-special-heading.av-jiyc6wbj-01185839311e823ff9f80b15bc531c23 .av-special-heading-tag{\nfont-size:0.8em;\n}\n}\n\n@media only screen and (max-width: 479px){ \n#top #wrap_all .av-special-heading.av-jiyc6wbj-01185839311e823ff9f80b15bc531c23 .av-special-heading-tag{\nfont-size:0.8em;\n}\n}\n<\/style>\n<div  class='av-special-heading av-jiyc6wbj-01185839311e823ff9f80b15bc531c23 av-special-heading-h1 custom-color-heading blockquote modern-quote modern-centered  avia-builder-el-1  avia-builder-el-no-sibling  av-inherit-size'><div class='av_custom_color av-subheading av-subheading_above'><p>Kanzlei<\/p>\n<\/div><h1 class='av-special-heading-tag '  itemprop=\"headline\"  >Ihr Berater<\/h1><div class=\"special-heading-border\"><div class=\"special-heading-inner-border\"><\/div><\/div><\/div>\n<\/div><\/div><\/main><!-- close content main element --><\/div><\/div><\/div><div id='av_section_2'  class='avia-section av-2w5y3s-fbd244e7872aff1c3024739a731ebc5f main_color avia-section-small avia-no-border-styling  avia-builder-el-2  el_after_av_section  avia-builder-el-last  avia-bg-style-fixed container_wrap sidebar_right'  ><div class='container av-section-cont-open' ><div class='template-page content  av-content-small alpha units'><div class='post-entry post-entry-type-page post-entry-544'><div class='entry-content-wrapper clearfix'>\n<div class='flex_column_table av-2qs0mg-a2fcfb962c14b0fb559c29a30c8ea8f3 sc-av_two_third av-equal-height-column-flextable'>\n<style type=\"text\/css\" data-created_by=\"avia_inline_auto\" id=\"style-css-av-2qs0mg-a2fcfb962c14b0fb559c29a30c8ea8f3\">\n#top .flex_column_table.av-equal-height-column-flextable.av-2qs0mg-a2fcfb962c14b0fb559c29a30c8ea8f3{\nmargin-top:-60px;\nmargin-bottom:0px;\n}\n.flex_column.av-2qs0mg-a2fcfb962c14b0fb559c29a30c8ea8f3{\nborder-radius:0px 0px 0px 0px;\npadding:30px 30px 30px 30px;\nbackground-color:#ffffff;\n}\n<\/style>\n<div  class='flex_column av-2qs0mg-a2fcfb962c14b0fb559c29a30c8ea8f3 av_two_third  avia-builder-el-3  el_before_av_one_third  avia-builder-el-first  first no_margin flex_column_table_cell av-equal-height-column av-align-top  '     ><p>\n<style type=\"text\/css\" data-created_by=\"avia_inline_auto\" id=\"style-css-av-2iihz4-3ba107d6ea5e8e3f1980b82df86f4095\">\n#top .av-special-heading.av-2iihz4-3ba107d6ea5e8e3f1980b82df86f4095{\npadding-bottom:0;\nfont-size:30px;\n}\nbody .av-special-heading.av-2iihz4-3ba107d6ea5e8e3f1980b82df86f4095 .av-special-heading-tag .heading-char{\nfont-size:25px;\n}\n#top #wrap_all .av-special-heading.av-2iihz4-3ba107d6ea5e8e3f1980b82df86f4095 .av-special-heading-tag{\nfont-size:30px;\n}\n.av-special-heading.av-2iihz4-3ba107d6ea5e8e3f1980b82df86f4095 .av-subheading{\nfont-size:15px;\n}\n\n@media only screen and (min-width: 480px) and (max-width: 767px){ \n#top #wrap_all .av-special-heading.av-2iihz4-3ba107d6ea5e8e3f1980b82df86f4095 .av-special-heading-tag{\nfont-size:0.8em;\n}\n}\n\n@media only screen and (max-width: 479px){ \n#top #wrap_all .av-special-heading.av-2iihz4-3ba107d6ea5e8e3f1980b82df86f4095 .av-special-heading-tag{\nfont-size:0.8em;\n}\n}\n<\/style>\n<div  class='av-special-heading av-2iihz4-3ba107d6ea5e8e3f1980b82df86f4095 av-special-heading-h3 blockquote modern-quote  avia-builder-el-4  el_before_av_textblock  avia-builder-el-first  av-inherit-size'><h3 class='av-special-heading-tag '  itemprop=\"headline\"  >Ihr Berater<\/h3><div class=\"special-heading-border\"><div class=\"special-heading-inner-border\"><\/div><\/div><\/div><br \/>\n<section  class='av_textblock_section av-2ctt5c-82ee0c0be55178ecbe138539fecbf1d9 '   itemscope=\"itemscope\" itemtype=\"https:\/\/schema.org\/CreativeWork\" ><div class='avia_textblock'  itemprop=\"text\" ><p>Nach Beendigung des betriebswirtschaftlichen Studiums in Leipzig war ich langj\u00e4hrig f\u00fcr eine mittelst\u00e4ndische\u00a0 \u00fcberregional ans\u00e4ssige Steuerberatungsgesellschaft t\u00e4tig und wechselte nach erfolgreichem Abschluss des Steuerberaterexamens im M\u00e4rz 2008 zu einer international t\u00e4tigen Wirtschafspr\u00fcfungsgesellschaft.<\/p>\n<p>Auf meinem Weg begleitete mich st\u00e4ndig\u00a0 mein gro\u00dfes Ziel in die Selbst\u00e4ndigkeit zu starten. Im Juni 2014 setzte ich dieses\u00a0 in die Tat um\u00a0 und \u00fcbernahm im Juni 2014 eine bereits seit mehr als 20 Jahren am Markt bestehende und gewachsene Kanzlei in Schkeuditz von einer Berufskollegin Frau Heidrun Schulze.<\/p>\n<p>Zusammen mit meinem kompetenten und freundlichem Team, bestehend aus vier Mitarbeitern, m\u00f6chte ich Ihnen zur Seite stehen, um die Aufgaben, die von unserem umfangreichen Steuer- und Rechtssystem gefordert werden, erfolgreich zu meistern. Immer neue steuerliche Vorschriften und gesetzliche Regelungen sowie Ver\u00e4nderungen der eigenen Unternehmens- oder Lebenssituation, verlangen nach einer flexiblen und kompetenten Beratung. Dabei m\u00f6chte ich Sie zusammen mit meinem Team gerne als vertrauensvoller Partner auf Ihrem Weg begleiten.<\/p>\n<\/div><\/section><br \/>\n\n<style type=\"text\/css\" data-created_by=\"avia_inline_auto\" id=\"style-css-av-28gbe8-2f7209a0096aed56600b37ab740d307a\">\n#top .hr.hr-invisible.av-28gbe8-2f7209a0096aed56600b37ab740d307a{\nheight:20px;\n}\n<\/style>\n<div  class='hr av-28gbe8-2f7209a0096aed56600b37ab740d307a hr-invisible  avia-builder-el-6  el_after_av_textblock  el_before_av_image '><span class='hr-inner '><span class=\"hr-inner-style\"><\/span><\/span><\/div><br \/>\n\n<style type=\"text\/css\" data-created_by=\"avia_inline_auto\" id=\"style-css-av-21lanc-ed0766e5172c9e735ec3b09a8eb45454\">\n.avia-image-container.av-21lanc-ed0766e5172c9e735ec3b09a8eb45454 img.avia_image{\nbox-shadow:none;\n}\n.avia-image-container.av-21lanc-ed0766e5172c9e735ec3b09a8eb45454 .av-image-caption-overlay-center{\ncolor:#ffffff;\n}\n<\/style>\n<div  class='avia-image-container av-21lanc-ed0766e5172c9e735ec3b09a8eb45454 av-styling- av-hover-grow avia-align-center  avia-builder-el-7  el_after_av_hr  el_before_av_hr '   itemprop=\"image\" itemscope=\"itemscope\" itemtype=\"https:\/\/schema.org\/ImageObject\" ><div class=\"avia-image-container-inner\"><div class=\"avia-image-overlay-wrap\"><img decoding=\"async\" fetchpriority=\"high\" class='wp-image-1025 avia-img-lazy-loading-not-1025 avia_image ' src=\"https:\/\/steuerkanzlei-leipzig.com\/inhalt\/wp-content\/uploads\/2015\/05\/IMG_0329-1-495x400.jpg\" alt='' title='IMG_0329'  height=\"400\" width=\"495\"  itemprop=\"thumbnailUrl\" srcset=\"https:\/\/steuerkanzlei-leipzig.com\/inhalt\/wp-content\/uploads\/2015\/05\/IMG_0329-1-495x400.jpg 495w, https:\/\/steuerkanzlei-leipzig.com\/inhalt\/wp-content\/uploads\/2015\/05\/IMG_0329-1-845x684.jpg 845w\" sizes=\"(max-width: 495px) 100vw, 495px\" \/><\/div><\/div><\/div><br \/>\n\n<style type=\"text\/css\" data-created_by=\"avia_inline_auto\" id=\"style-css-av-1xvmx4-b817599932bb33424ab7ee440bc3920c\">\n#top .hr.hr-invisible.av-1xvmx4-b817599932bb33424ab7ee440bc3920c{\nheight:20px;\n}\n<\/style>\n<div  class='hr av-1xvmx4-b817599932bb33424ab7ee440bc3920c hr-invisible  avia-builder-el-8  el_after_av_image  el_before_av_textblock '><span class='hr-inner '><span class=\"hr-inner-style\"><\/span><\/span><\/div><br \/>\n<section  class='av_textblock_section av-1td98o-e87a19e00ee674ae7fae1f716394d53d '   itemscope=\"itemscope\" itemtype=\"https:\/\/schema.org\/CreativeWork\" ><div class='avia_textblock'  itemprop=\"text\" ><p>Mit der modernen, leistungsf\u00e4higen und an die anspruchsvollen Aufgaben einer umfassenden Mandantenbetreuung angepassten Software \u201eDATEV pro\u201c biete ich alle elektronischen M\u00f6glichkeiten der Datenerfassung und -verarbeitung an. Dies er\u00f6ffnet mir und Ihnen vielf\u00e4ltigste M\u00f6glichkeiten, meine Dienstleistungen an Ihre Bed\u00fcrfnisse anzupassen und mit Ihnen gemeinsam effektiv zusammenzuarbeiten.<\/p>\n<\/div><\/section><br \/>\n<section  class='av_textblock_section av-1j6mxs-33f91e2f3c9eaf1c170a64937c5baa97 '   itemscope=\"itemscope\" itemtype=\"https:\/\/schema.org\/CreativeWork\" ><div class='avia_textblock'  itemprop=\"text\" ><p><strong>Schenken Sie mir Ihr\u00a0\u00a0VERTRAUEN statt dem Finanzamt zu viel Geld! \u2028Vereinbaren Sie doch einfach einen unverbindlichen Termin mit mir. \u2028Ich freue mich auf Sie!<\/strong><\/p>\n<\/div><\/section><\/p><\/div>\n<style type=\"text\/css\" data-created_by=\"avia_inline_auto\" id=\"style-css-av-1fzjf4-2df23ff4ef4ee32a1224e43dbcad84e7\">\n#top .flex_column_table.av-equal-height-column-flextable.av-1fzjf4-2df23ff4ef4ee32a1224e43dbcad84e7{\nmargin-top:-60px;\nmargin-bottom:0px;\n}\n.flex_column.av-1fzjf4-2df23ff4ef4ee32a1224e43dbcad84e7{\nborder-radius:0px 0px 0px 0px;\npadding:30px 30px 30px 30px;\nbackground-color:#f0f0f0;\n}\n<\/style>\n<div  class='flex_column av-1fzjf4-2df23ff4ef4ee32a1224e43dbcad84e7 av_one_third  avia-builder-el-11  el_after_av_two_third  avia-builder-el-last  no_margin flex_column_table_cell av-equal-height-column av-align-top  '     ><p>\n<style type=\"text\/css\" data-created_by=\"avia_inline_auto\" id=\"style-css-av-179u7k-e8742d34ce2e98c5528cb17920cd5db4\">\n.avia-image-container.av-179u7k-e8742d34ce2e98c5528cb17920cd5db4 img.avia_image{\nbox-shadow:none;\n}\n.avia-image-container.av-179u7k-e8742d34ce2e98c5528cb17920cd5db4 .av-image-caption-overlay-center{\ncolor:#ffffff;\n}\n<\/style>\n<div  class='avia-image-container av-179u7k-e8742d34ce2e98c5528cb17920cd5db4 av-styling- avia-align-center  avia-builder-el-12  el_before_av_heading  avia-builder-el-first '   itemprop=\"image\" itemscope=\"itemscope\" itemtype=\"https:\/\/schema.org\/ImageObject\" ><div class=\"avia-image-container-inner\"><div class=\"avia-image-overlay-wrap\"><img decoding=\"async\" fetchpriority=\"high\" class='wp-image-1104 avia-img-lazy-loading-not-1104 avia_image ' src=\"https:\/\/steuerkanzlei-leipzig.com\/inhalt\/wp-content\/uploads\/2015\/10\/IMG_5265-200x300.jpg\" alt='' title='IMG_5265'  height=\"300\" width=\"200\"  itemprop=\"thumbnailUrl\" srcset=\"https:\/\/steuerkanzlei-leipzig.com\/inhalt\/wp-content\/uploads\/2015\/10\/IMG_5265-200x300.jpg 200w, https:\/\/steuerkanzlei-leipzig.com\/inhalt\/wp-content\/uploads\/2015\/10\/IMG_5265-768x1152.jpg 768w, https:\/\/steuerkanzlei-leipzig.com\/inhalt\/wp-content\/uploads\/2015\/10\/IMG_5265-687x1030.jpg 687w, https:\/\/steuerkanzlei-leipzig.com\/inhalt\/wp-content\/uploads\/2015\/10\/IMG_5265-1000x1500.jpg 1000w, https:\/\/steuerkanzlei-leipzig.com\/inhalt\/wp-content\/uploads\/2015\/10\/IMG_5265-470x705.jpg 470w, https:\/\/steuerkanzlei-leipzig.com\/inhalt\/wp-content\/uploads\/2015\/10\/IMG_5265-450x675.jpg 450w, https:\/\/steuerkanzlei-leipzig.com\/inhalt\/wp-content\/uploads\/2015\/10\/IMG_5265.jpg 1772w\" sizes=\"(max-width: 200px) 100vw, 200px\" \/><\/div><\/div><\/div><br \/>\n\n<style type=\"text\/css\" data-created_by=\"avia_inline_auto\" id=\"style-css-av-10by2g-e8eaaafc3ec5f21e2160b5fcbb133cad\">\n#top .av-special-heading.av-10by2g-e8eaaafc3ec5f21e2160b5fcbb133cad{\npadding-bottom:0;\nfont-size:30px;\n}\nbody .av-special-heading.av-10by2g-e8eaaafc3ec5f21e2160b5fcbb133cad .av-special-heading-tag .heading-char{\nfont-size:25px;\n}\n#top #wrap_all .av-special-heading.av-10by2g-e8eaaafc3ec5f21e2160b5fcbb133cad .av-special-heading-tag{\nfont-size:30px;\n}\n.av-special-heading.av-10by2g-e8eaaafc3ec5f21e2160b5fcbb133cad .av-subheading{\nfont-size:15px;\n}\n\n@media only screen and (min-width: 480px) and (max-width: 767px){ \n#top #wrap_all .av-special-heading.av-10by2g-e8eaaafc3ec5f21e2160b5fcbb133cad .av-special-heading-tag{\nfont-size:0.8em;\n}\n}\n\n@media only screen and (max-width: 479px){ \n#top #wrap_all .av-special-heading.av-10by2g-e8eaaafc3ec5f21e2160b5fcbb133cad .av-special-heading-tag{\nfont-size:0.8em;\n}\n}\n<\/style>\n<div  class='av-special-heading av-10by2g-e8eaaafc3ec5f21e2160b5fcbb133cad av-special-heading-h3 blockquote modern-quote  avia-builder-el-13  el_after_av_image  el_before_av_textblock  av-inherit-size'><h3 class='av-special-heading-tag '  itemprop=\"headline\"  >Mandy Else<\/h3><div class=\"special-heading-border\"><div class=\"special-heading-inner-border\"><\/div><\/div><\/div><br \/>\n<section  class='av_textblock_section av-vjypk-89a661a0f8e578f8543b95f0d6a0cef7 '   itemscope=\"itemscope\" itemtype=\"https:\/\/schema.org\/CreativeWork\" ><div class='avia_textblock'  itemprop=\"text\" ><p>Haben Sie den Durchblick im Steuerdschungel verloren? Gern begleite ich Sie sicher hindurch und stehe Ihnen mit Rat und Tat zur Seite.<\/p>\n<\/div><\/section><br \/>\n<div  class='avia-icon-list-container av-qrq3c-08c499b1e23fef9a1243c9b46b3eb90a  avia-builder-el-15  el_after_av_textblock  avia-builder-el-last '><ul class='avia-icon-list avia_animate_when_almost_visible avia-icon-list-left av-iconlist-big av-qrq3c-08c499b1e23fef9a1243c9b46b3eb90a avia-iconlist-animate'>\n<li><div class='iconlist_icon av-n79v4-b5b906bc07590eec632c268967db639d avia-font-entypo-fontello avia-iconfont avia-font-entypo-fontello'><span class='av-icon-char' data-av_icon='\ue854' data-av_iconfont='entypo-fontello' aria-hidden=\"true\"><\/span><\/div><article class=\"article-icon-entry \"  itemscope=\"itemscope\" itemtype=\"https:\/\/schema.org\/CreativeWork\" ><div class=\"iconlist_content_wrap\"><header class=\"entry-content-header\" aria-label=\"Icon: Telefon\"><h4 class='av_iconlist_title iconlist_title  '  itemprop=\"headline\" >Telefon<\/h4><\/header><div class='iconlist_content '  itemprop=\"text\" ><p>034204 \u2013 625 24<\/p>\n<\/div><\/div><footer class=\"entry-footer\"><\/footer><\/article><div class=\"iconlist-timeline\"><\/div><\/li>\n<li><div class='iconlist_icon av-e2b9s-36ef80500f8c3249edaf1307e051aa8c avia-font-entypo-fontello avia-iconfont avia-font-entypo-fontello'><span class='av-icon-char' data-av_icon='\ue838' data-av_iconfont='entypo-fontello' aria-hidden=\"true\"><\/span><\/div><article class=\"article-icon-entry \"  itemscope=\"itemscope\" itemtype=\"https:\/\/schema.org\/CreativeWork\" ><div class=\"iconlist_content_wrap\"><header class=\"entry-content-header\" aria-label=\"Icon: Fax\"><h4 class='av_iconlist_title iconlist_title  '  itemprop=\"headline\" >Fax<\/h4><\/header><div class='iconlist_content '  itemprop=\"text\" ><p>034204 \u2013 625 28<\/p>\n<\/div><\/div><footer class=\"entry-footer\"><\/footer><\/article><div class=\"iconlist-timeline\"><\/div><\/li>\n<li><div class='iconlist_icon av-3f3s-efa7f3ad574b8aa4bcfa1b2b01fb2a88 avia-font-entypo-fontello avia-iconfont avia-font-entypo-fontello'><span class='av-icon-char' data-av_icon='\ue844' data-av_iconfont='entypo-fontello' aria-hidden=\"true\"><\/span><\/div><article class=\"article-icon-entry \"  itemscope=\"itemscope\" itemtype=\"https:\/\/schema.org\/CreativeWork\" ><div class=\"iconlist_content_wrap\"><header class=\"entry-content-header\" aria-label=\"Icon: E-Mail\"><h4 class='av_iconlist_title iconlist_title  '  itemprop=\"headline\" >E-Mail<\/h4><\/header><div class='iconlist_content '  itemprop=\"text\" ><p><a href=\"mailto:m.else@else-steuerberatung.de\">m.else@else-steuerberatung.de<\/a><\/p>\n<\/div><\/div><footer class=\"entry-footer\"><\/footer><\/article><div class=\"iconlist-timeline\"><\/div><\/li>\n<\/ul><\/div><\/p><\/div><\/div><!--close column table wrapper. Autoclose: 1 -->\n<\/div><\/div><\/div><!-- close content main div --><\/div><\/div><div id='after_section_2'  class='main_color av_default_container_wrap container_wrap sidebar_right'  ><div class='container av-section-cont-open' ><div class='template-page content  av-content-small alpha units'><div class='post-entry post-entry-type-page post-entry-544'><div class='entry-content-wrapper clearfix'><\/p>\n","protected":false},"excerpt":{"rendered":"","protected":false},"author":1,"featured_media":0,"parent":96,"menu_order":0,"comment_status":"closed","ping_status":"closed","template":"","meta":{"footnotes":""},"class_list":["post-544","page","type-page","status-publish","hentry"],"yoast_head":"<!-- This site is optimized with the Yoast SEO plugin v26.7 - https:\/\/yoast.com\/wordpress\/plugins\/seo\/ -->\n<title>Ihr Berater - Steuerberatung Mandy Else<\/title>\n<meta name=\"robots\" content=\"index, follow, max-snippet:-1, max-image-preview:large, max-video-preview:-1\" \/>\n<link rel=\"canonical\" href=\"https:\/\/steuerkanzlei-leipzig.com\/inhalt\/about\/ihr-berater\/\" \/>\n<meta property=\"og:locale\" content=\"de_DE\" \/>\n<meta property=\"og:type\" content=\"article\" \/>\n<meta property=\"og:title\" content=\"Ihr Berater - Steuerberatung Mandy Else\" \/>\n<meta property=\"og:url\" content=\"https:\/\/steuerkanzlei-leipzig.com\/inhalt\/about\/ihr-berater\/\" \/>\n<meta property=\"og:site_name\" content=\"Steuerberatung Mandy Else\" \/>\n<meta property=\"article:modified_time\" content=\"2018-06-28T09:18:48+00:00\" \/>\n<meta name=\"twitter:card\" content=\"summary_large_image\" \/>\n<meta name=\"twitter:label1\" content=\"Gesch\u00e4tzte Lesezeit\" \/>\n\t<meta name=\"twitter:data1\" content=\"5\u00a0Minuten\" \/>\n<script type=\"application\/ld+json\" class=\"yoast-schema-graph\">{\"@context\":\"https:\/\/schema.org\",\"@graph\":[{\"@type\":\"WebPage\",\"@id\":\"https:\/\/steuerkanzlei-leipzig.com\/inhalt\/about\/ihr-berater\/\",\"url\":\"https:\/\/steuerkanzlei-leipzig.com\/inhalt\/about\/ihr-berater\/\",\"name\":\"Ihr Berater - Steuerberatung Mandy Else\",\"isPartOf\":{\"@id\":\"https:\/\/steuerkanzlei-leipzig.com\/inhalt\/#website\"},\"datePublished\":\"2015-10-16T12:17:07+00:00\",\"dateModified\":\"2018-06-28T09:18:48+00:00\",\"breadcrumb\":{\"@id\":\"https:\/\/steuerkanzlei-leipzig.com\/inhalt\/about\/ihr-berater\/#breadcrumb\"},\"inLanguage\":\"de\",\"potentialAction\":[{\"@type\":\"ReadAction\",\"target\":[\"https:\/\/steuerkanzlei-leipzig.com\/inhalt\/about\/ihr-berater\/\"]}]},{\"@type\":\"BreadcrumbList\",\"@id\":\"https:\/\/steuerkanzlei-leipzig.com\/inhalt\/about\/ihr-berater\/#breadcrumb\",\"itemListElement\":[{\"@type\":\"ListItem\",\"position\":1,\"name\":\"Startseite\",\"item\":\"https:\/\/steuerkanzlei-leipzig.com\/inhalt\/\"},{\"@type\":\"ListItem\",\"position\":2,\"name\":\"\u00dcber uns &#8211; Kanzlei\",\"item\":\"https:\/\/steuerkanzlei-leipzig.com\/inhalt\/about\/\"},{\"@type\":\"ListItem\",\"position\":3,\"name\":\"Ihr Berater\"}]},{\"@type\":\"WebSite\",\"@id\":\"https:\/\/steuerkanzlei-leipzig.com\/inhalt\/#website\",\"url\":\"https:\/\/steuerkanzlei-leipzig.com\/inhalt\/\",\"name\":\"Steuerberatung Mandy Else\",\"description\":\"Ihre Steuerberatung in Leipzig \/ Sachsen\",\"publisher\":{\"@id\":\"https:\/\/steuerkanzlei-leipzig.com\/inhalt\/#organization\"},\"potentialAction\":[{\"@type\":\"SearchAction\",\"target\":{\"@type\":\"EntryPoint\",\"urlTemplate\":\"https:\/\/steuerkanzlei-leipzig.com\/inhalt\/?s={search_term_string}\"},\"query-input\":{\"@type\":\"PropertyValueSpecification\",\"valueRequired\":true,\"valueName\":\"search_term_string\"}}],\"inLanguage\":\"de\"},{\"@type\":\"Organization\",\"@id\":\"https:\/\/steuerkanzlei-leipzig.com\/inhalt\/#organization\",\"name\":\"Steuerberatung Mandy Else\",\"url\":\"https:\/\/steuerkanzlei-leipzig.com\/inhalt\/\",\"logo\":{\"@type\":\"ImageObject\",\"inLanguage\":\"de\",\"@id\":\"https:\/\/steuerkanzlei-leipzig.com\/inhalt\/#\/schema\/logo\/image\/\",\"url\":\"https:\/\/steuerkanzlei-leipzig.com\/inhalt\/wp-content\/uploads\/2015\/05\/Leipzig-Steuerberatung-Logo.jpg\",\"contentUrl\":\"https:\/\/steuerkanzlei-leipzig.com\/inhalt\/wp-content\/uploads\/2015\/05\/Leipzig-Steuerberatung-Logo.jpg\",\"width\":600,\"height\":400,\"caption\":\"Steuerberatung Mandy Else\"},\"image\":{\"@id\":\"https:\/\/steuerkanzlei-leipzig.com\/inhalt\/#\/schema\/logo\/image\/\"}}]}<\/script>\n<!-- \/ Yoast SEO plugin. -->","yoast_head_json":{"title":"Ihr Berater - Steuerberatung Mandy Else","robots":{"index":"index","follow":"follow","max-snippet":"max-snippet:-1","max-image-preview":"max-image-preview:large","max-video-preview":"max-video-preview:-1"},"canonical":"https:\/\/steuerkanzlei-leipzig.com\/inhalt\/about\/ihr-berater\/","og_locale":"de_DE","og_type":"article","og_title":"Ihr Berater - Steuerberatung Mandy Else","og_url":"https:\/\/steuerkanzlei-leipzig.com\/inhalt\/about\/ihr-berater\/","og_site_name":"Steuerberatung Mandy Else","article_modified_time":"2018-06-28T09:18:48+00:00","twitter_card":"summary_large_image","twitter_misc":{"Gesch\u00e4tzte Lesezeit":"5\u00a0Minuten"},"schema":{"@context":"https:\/\/schema.org","@graph":[{"@type":"WebPage","@id":"https:\/\/steuerkanzlei-leipzig.com\/inhalt\/about\/ihr-berater\/","url":"https:\/\/steuerkanzlei-leipzig.com\/inhalt\/about\/ihr-berater\/","name":"Ihr Berater - Steuerberatung Mandy Else","isPartOf":{"@id":"https:\/\/steuerkanzlei-leipzig.com\/inhalt\/#website"},"datePublished":"2015-10-16T12:17:07+00:00","dateModified":"2018-06-28T09:18:48+00:00","breadcrumb":{"@id":"https:\/\/steuerkanzlei-leipzig.com\/inhalt\/about\/ihr-berater\/#breadcrumb"},"inLanguage":"de","potentialAction":[{"@type":"ReadAction","target":["https:\/\/steuerkanzlei-leipzig.com\/inhalt\/about\/ihr-berater\/"]}]},{"@type":"BreadcrumbList","@id":"https:\/\/steuerkanzlei-leipzig.com\/inhalt\/about\/ihr-berater\/#breadcrumb","itemListElement":[{"@type":"ListItem","position":1,"name":"Startseite","item":"https:\/\/steuerkanzlei-leipzig.com\/inhalt\/"},{"@type":"ListItem","position":2,"name":"\u00dcber uns &#8211; Kanzlei","item":"https:\/\/steuerkanzlei-leipzig.com\/inhalt\/about\/"},{"@type":"ListItem","position":3,"name":"Ihr Berater"}]},{"@type":"WebSite","@id":"https:\/\/steuerkanzlei-leipzig.com\/inhalt\/#website","url":"https:\/\/steuerkanzlei-leipzig.com\/inhalt\/","name":"Steuerberatung Mandy Else","description":"Ihre Steuerberatung in Leipzig \/ Sachsen","publisher":{"@id":"https:\/\/steuerkanzlei-leipzig.com\/inhalt\/#organization"},"potentialAction":[{"@type":"SearchAction","target":{"@type":"EntryPoint","urlTemplate":"https:\/\/steuerkanzlei-leipzig.com\/inhalt\/?s={search_term_string}"},"query-input":{"@type":"PropertyValueSpecification","valueRequired":true,"valueName":"search_term_string"}}],"inLanguage":"de"},{"@type":"Organization","@id":"https:\/\/steuerkanzlei-leipzig.com\/inhalt\/#organization","name":"Steuerberatung Mandy Else","url":"https:\/\/steuerkanzlei-leipzig.com\/inhalt\/","logo":{"@type":"ImageObject","inLanguage":"de","@id":"https:\/\/steuerkanzlei-leipzig.com\/inhalt\/#\/schema\/logo\/image\/","url":"https:\/\/steuerkanzlei-leipzig.com\/inhalt\/wp-content\/uploads\/2015\/05\/Leipzig-Steuerberatung-Logo.jpg","contentUrl":"https:\/\/steuerkanzlei-leipzig.com\/inhalt\/wp-content\/uploads\/2015\/05\/Leipzig-Steuerberatung-Logo.jpg","width":600,"height":400,"caption":"Steuerberatung Mandy Else"},"image":{"@id":"https:\/\/steuerkanzlei-leipzig.com\/inhalt\/#\/schema\/logo\/image\/"}}]}},"_links":{"self":[{"href":"https:\/\/steuerkanzlei-leipzig.com\/inhalt\/wp-json\/wp\/v2\/pages\/544","targetHints":{"allow":["GET"]}}],"collection":[{"href":"https:\/\/steuerkanzlei-leipzig.com\/inhalt\/wp-json\/wp\/v2\/pages"}],"about":[{"href":"https:\/\/steuerkanzlei-leipzig.com\/inhalt\/wp-json\/wp\/v2\/types\/page"}],"author":[{"embeddable":true,"href":"https:\/\/steuerkanzlei-leipzig.com\/inhalt\/wp-json\/wp\/v2\/users\/1"}],"replies":[{"embeddable":true,"href":"https:\/\/steuerkanzlei-leipzig.com\/inhalt\/wp-json\/wp\/v2\/comments?post=544"}],"version-history":[{"count":41,"href":"https:\/\/steuerkanzlei-leipzig.com\/inhalt\/wp-json\/wp\/v2\/pages\/544\/revisions"}],"predecessor-version":[{"id":1779,"href":"https:\/\/steuerkanzlei-leipzig.com\/inhalt\/wp-json\/wp\/v2\/pages\/544\/revisions\/1779"}],"up":[{"embeddable":true,"href":"https:\/\/steuerkanzlei-leipzig.com\/inhalt\/wp-json\/wp\/v2\/pages\/96"}],"wp:attachment":[{"href":"https:\/\/steuerkanzlei-leipzig.com\/inhalt\/wp-json\/wp\/v2\/media?parent=544"}],"curies":[{"name":"wp","href":"https:\/\/api.w.org\/{rel}","templated":true}]}}